{"id":5037,"date":"2022-12-06T12:53:20","date_gmt":"2022-12-06T12:53:20","guid":{"rendered":"https:\/\/yorumambalaj.com\/?post_type=product&#038;p=5037"},"modified":"2022-12-11T16:27:09","modified_gmt":"2022-12-11T16:27:09","slug":"hali-hurcu","status":"publish","type":"product","link":"https:\/\/yorumambalaj.com\/index.php\/urun\/hali-hurcu\/","title":{"rendered":"Hal\u0131 Hurcu"},"content":{"rendered":"<h1>Hal\u0131 Hurcu<\/h1>\n<p><strong>Hal\u0131 Hurcu<\/strong>\u00a0Hal\u0131 Hurcu kategorisinde yer almaktad\u0131r. Resimde g\u00f6r\u00fclen <strong>Hal\u0131 Hurcu<\/strong>\u00a0iste\u011finiz \u00fczere farkl\u0131 \u00f6zelliklerde \u00fcretilebilir. \u00dcr\u00fcnlerimizi ham bez kuma\u015f, Amerikan bez kuma\u015f, gabardin kuma\u015f, kanvas kuma\u015f, imperteks kuma\u015f, tela (nonwoven) kuma\u015f ve pvc gibi malzemeleri kullanarak \u00fcretmekteyiz. Kullan\u0131lan kuma\u015flar sayesinde \u00e7antalar\u0131m\u0131z %100 geri d\u00f6n\u00fc\u015f\u00fcml\u00fc ve \u00e7evreye duyarl\u0131d\u0131r. Ayn\u0131 zamanda do\u011faya zarar vermeyen anti bakteriyel \u00f6zelli\u011fe sahiptir.<\/p>\n<p>Yorum Ambalaj olarak bir\u00e7ok farkl\u0131 t\u00fcrde hal\u0131 k\u0131l\u0131f\u0131 imalat\u0131 yapmaktay\u0131z. Hal\u0131 k\u0131l\u0131f\u0131 modelleri i\u00e7in web sitemizdeki di\u011fer \u00fcr\u00fcnlere bakabilirsiniz. Ayr\u0131ca m\u00fc\u015fterilere \u00f6zel hal\u0131 k\u0131l\u0131f\u0131 tasar\u0131mlar\u0131 da yapmaktay\u0131z. Hal\u0131 k\u0131l\u0131f\u0131 dikimi firmam\u0131z dahilinde yap\u0131lmaktad\u0131r. Hal\u0131 k\u0131l\u0131f\u0131 fiyatlar\u0131 i\u00e7in bizimle ileti\u015fime ge\u00e7meniz yeterlidir. Ayr\u0131ca \u00fcretici firma olmam\u0131z sayesinde hal\u0131 k\u0131l\u0131f\u0131 toptan sat\u0131\u015f\u0131 yapabilmekteyiz.<\/p>\n<p>Bez \u00e7antac\u0131 olarak 1996 y\u0131l\u0131ndan beri bez \u00e7anta, ka\u011f\u0131t \u00e7anta, bez kese, bez torba, hal\u0131 k\u0131l\u0131f\u0131, elbise k\u0131l\u0131f\u0131 ve \u00f6nl\u00fck gibi \u00e7e\u015fitli kategorilerde \u00fcretim yapan imalat\u00e7\u0131 bir firmay\u0131z. Bu nedenle alan\u0131nda yetkin kadromuz ile sizlerin beklentilerini en iyi \u015fekilde anl\u0131yoruz. Sizlere en iyi \u00e7\u00f6z\u00fcmleri \u00fcretiyoruz. T\u00fcm \u00fcr\u00fcnlerimize ula\u015fmak i\u00e7in l\u00fctfen \u201c<a href=\"https:\/\/yorumambalaj.com\/index.php\/urunler\/\">\u00dcr\u00fcnler<\/a>\u201c ifadesine t\u0131klay\u0131n. Firmam\u0131z b\u00fcnyesinde bir\u00e7ok bask\u0131 ve \u00fcretim y\u00f6ntemi kullan\u0131lmaktad\u0131r. Bunlardan baz\u0131lar\u0131 a\u015fa\u011f\u0131da g\u00f6sterilmektedir.<\/p>\n<p>Bask\u0131 T\u00fcrleri: Dijital, Emprime, Flekso, Flok, Frekans, Kabartma, Ofset, Serigrafi, Tambur, Transfer, Varak<\/p>\n<p>\u00dcretim T\u00fcrleri: Tekstil Diki\u015f, Ultrasonik Kaynak Diki\u015f, Frekans Diki\u015f<\/p>\n<h2><strong>Hal\u0131 Hurcu<\/strong><\/h2>\n<p>Hal\u0131 k\u0131l\u0131flar\u0131 ile hal\u0131lar\u0131 temiz ve g\u00fcvenli bir \u015fekilde uzun y\u0131llar saklayabilirsiniz. Ayr\u0131ca hal\u0131 hur\u00e7lar\u0131 sayesinde hal\u0131lar\u0131n kirlenmesini \u00f6nleyebilir ve onlar\u0131 d\u0131\u015f etkenlerden koruyabilirsiniz. Hal\u0131 k\u0131l\u0131flar\u0131n\u0131 kalite ve g\u00fcvenilirlikleri sayesinde uzun y\u0131llar boyunca kullanabilirsiniz. Firman\u0131z\u0131n reklam\u0131n\u0131 yap\u0131p kendinizi tan\u0131tabilirsiniz. Hal\u0131 k\u0131l\u0131flar\u0131n\u0131 promosyon amac\u0131yla kullanabilirsiniz.<\/p>\n","protected":false},"excerpt":{"rendered":"<p>Nonwoven (Tela) Kuma\u015f Kal\u0131nl\u0131klar\u0131: 65 gram \u2013 80 gram<\/p>\n<p>Talep edildi\u011finde firma ismi bask\u0131s\u0131 yap\u0131labilir.<\/p>\n<p>\u00d6l\u00e7\u00fcler:<\/p>\n<ul>\n<li>40&#215;225 cm<\/li>\n<li>40&#215;185 cm<\/li>\n<li>40&#215;125 cm<\/li>\n<\/ul>\n<p>\u00d6zellikler iste\u011finiz \u00fczerine \u00f6zelle\u015ftirilebilir.<\/p>\n","protected":false},"featured_media":5039,"comment_status":"closed","ping_status":"closed","template":"","meta":[],"product_cat":[172,186],"product_tag":[194],"yoast_head":"<!-- This site is optimized with the Yoast SEO plugin v23.0 - https:\/\/yoast.com\/wordpress\/plugins\/seo\/ -->\n<title>Hal\u0131 Hurcu - Yorum Ambalaj<\/title>\n<meta name=\"description\" content=\"Hal\u0131 Hurcu: Hal\u0131 Hur\u00e7lar\u0131 | Hal\u0131 K\u0131l\u0131f\u0131 Hurcu | Hal\u0131 Saklama Hurcu | Toptan Hal\u0131 Hurcu | Hal\u0131 K\u0131l\u0131f\u0131 | Toptan Hal\u0131 K\u0131l\u0131f\u0131 | Hal\u0131 K\u0131l\u0131flar\u0131\" \/>\n<meta name=\"robots\" content=\"index, follow, max-snippet:-1, max-image-preview:large, max-video-preview:-1\" \/>\n<link rel=\"canonical\" href=\"https:\/\/yorumambalaj.com\/index.php\/urun\/hali-hurcu\/\" \/>\n<meta property=\"og:locale\" content=\"tr_TR\" \/>\n<meta property=\"og:type\" content=\"article\" \/>\n<meta property=\"og:title\" content=\"Hal\u0131 Hurcu - Yorum Ambalaj\" \/>\n<meta property=\"og:description\" content=\"Hal\u0131 Hurcu: Hal\u0131 Hur\u00e7lar\u0131 | Hal\u0131 K\u0131l\u0131f\u0131 Hurcu | Hal\u0131 Saklama Hurcu | Toptan Hal\u0131 Hurcu | Hal\u0131 K\u0131l\u0131f\u0131 | Toptan Hal\u0131 K\u0131l\u0131f\u0131 | Hal\u0131 K\u0131l\u0131flar\u0131\" \/>\n<meta property=\"og:url\" content=\"https:\/\/yorumambalaj.com\/index.php\/urun\/hali-hurcu\/\" \/>\n<meta property=\"og:site_name\" content=\"Yorum Ambalaj\" \/>\n<meta property=\"article:modified_time\" content=\"2022-12-11T16:27:09+00:00\" \/>\n<meta property=\"og:image\" content=\"https:\/\/yorumambalaj.com\/wp-content\/uploads\/2022\/12\/hali-hurcu-scaled.webp\" \/>\n\t<meta property=\"og:image:width\" content=\"2369\" \/>\n\t<meta property=\"og:image:height\" content=\"2560\" \/>\n\t<meta property=\"og:image:type\" content=\"image\/webp\" \/>\n<meta name=\"twitter:card\" content=\"summary_large_image\" \/>\n<meta name=\"twitter:label1\" content=\"Tahmini okuma s\u00fcresi\" \/>\n\t<meta name=\"twitter:data1\" content=\"2 dakika\" \/>\n<script type=\"application\/ld+json\" class=\"yoast-schema-graph\">{\"@context\":\"https:\/\/schema.org\",\"@graph\":[{\"@type\":\"WebPage\",\"@id\":\"https:\/\/yorumambalaj.com\/index.php\/urun\/hali-hurcu\/\",\"url\":\"https:\/\/yorumambalaj.com\/index.php\/urun\/hali-hurcu\/\",\"name\":\"Hal\u0131 Hurcu - Yorum Ambalaj\",\"isPartOf\":{\"@id\":\"https:\/\/yorumambalaj.com\/#website\"},\"primaryImageOfPage\":{\"@id\":\"https:\/\/yorumambalaj.com\/index.php\/urun\/hali-hurcu\/#primaryimage\"},\"image\":{\"@id\":\"https:\/\/yorumambalaj.com\/index.php\/urun\/hali-hurcu\/#primaryimage\"},\"thumbnailUrl\":\"https:\/\/yorumambalaj.com\/wp-content\/uploads\/2022\/12\/hali-hurcu-scaled.webp\",\"datePublished\":\"2022-12-06T12:53:20+00:00\",\"dateModified\":\"2022-12-11T16:27:09+00:00\",\"description\":\"Hal\u0131 Hurcu: Hal\u0131 Hur\u00e7lar\u0131 | Hal\u0131 K\u0131l\u0131f\u0131 Hurcu | Hal\u0131 Saklama Hurcu | Toptan Hal\u0131 Hurcu | Hal\u0131 K\u0131l\u0131f\u0131 | Toptan Hal\u0131 K\u0131l\u0131f\u0131 | Hal\u0131 K\u0131l\u0131flar\u0131\",\"breadcrumb\":{\"@id\":\"https:\/\/yorumambalaj.com\/index.php\/urun\/hali-hurcu\/#breadcrumb\"},\"inLanguage\":\"tr\",\"potentialAction\":[{\"@type\":\"ReadAction\",\"target\":[\"https:\/\/yorumambalaj.com\/index.php\/urun\/hali-hurcu\/\"]}]},{\"@type\":\"ImageObject\",\"inLanguage\":\"tr\",\"@id\":\"https:\/\/yorumambalaj.com\/index.php\/urun\/hali-hurcu\/#primaryimage\",\"url\":\"https:\/\/yorumambalaj.com\/wp-content\/uploads\/2022\/12\/hali-hurcu-scaled.webp\",\"contentUrl\":\"https:\/\/yorumambalaj.com\/wp-content\/uploads\/2022\/12\/hali-hurcu-scaled.webp\",\"width\":2369,\"height\":2560,\"caption\":\"hali-hurcu Hal\u0131 Hurcu hal\u0131 hurcu kategorisinde yer almaktad\u0131r. Yorum Ambalaj olarak bir\u00e7ok farkl\u0131 t\u00fcrde hal\u0131 hurcu imalat\u0131 yapmaktay\u0131z. Di\u011fer hal\u0131 k\u0131l\u0131f\u0131 modelleri ve tasar\u0131mlar\u0131 i\u00e7in web sitemize bakabilirsiniz.\"},{\"@type\":\"BreadcrumbList\",\"@id\":\"https:\/\/yorumambalaj.com\/index.php\/urun\/hali-hurcu\/#breadcrumb\",\"itemListElement\":[{\"@type\":\"ListItem\",\"position\":1,\"name\":\"Anasayfa\",\"item\":\"https:\/\/yorumambalaj.com\/\"},{\"@type\":\"ListItem\",\"position\":2,\"name\":\"\u00dcr\u00fcnler\",\"item\":\"https:\/\/yorumambalaj.com\/index.php\/urunler\/\"},{\"@type\":\"ListItem\",\"position\":3,\"name\":\"Hal\u0131 Hurcu\"}]},{\"@type\":\"WebSite\",\"@id\":\"https:\/\/yorumambalaj.com\/#website\",\"url\":\"https:\/\/yorumambalaj.com\/\",\"name\":\"Yorum Ambalaj\",\"description\":\"\",\"publisher\":{\"@id\":\"https:\/\/yorumambalaj.com\/#organization\"},\"potentialAction\":[{\"@type\":\"SearchAction\",\"target\":{\"@type\":\"EntryPoint\",\"urlTemplate\":\"https:\/\/yorumambalaj.com\/?s={search_term_string}\"},\"query-input\":\"required name=search_term_string\"}],\"inLanguage\":\"tr\"},{\"@type\":\"Organization\",\"@id\":\"https:\/\/yorumambalaj.com\/#organization\",\"name\":\"Yorum Ambalaj\",\"url\":\"https:\/\/yorumambalaj.com\/\",\"logo\":{\"@type\":\"ImageObject\",\"inLanguage\":\"tr\",\"@id\":\"https:\/\/yorumambalaj.com\/#\/schema\/logo\/image\/\",\"url\":\"https:\/\/yorumambalaj.com\/wp-content\/uploads\/2022\/12\/logo-1001.png\",\"contentUrl\":\"https:\/\/yorumambalaj.com\/wp-content\/uploads\/2022\/12\/logo-1001.png\",\"width\":1442,\"height\":710,\"caption\":\"Yorum Ambalaj\"},\"image\":{\"@id\":\"https:\/\/yorumambalaj.com\/#\/schema\/logo\/image\/\"}}]}<\/script>\n<!-- \/ Yoast SEO plugin. -->","yoast_head_json":{"title":"Hal\u0131 Hurcu - Yorum Ambalaj","description":"Hal\u0131 Hurcu: Hal\u0131 Hur\u00e7lar\u0131 | Hal\u0131 K\u0131l\u0131f\u0131 Hurcu | Hal\u0131 Saklama Hurcu | Toptan Hal\u0131 Hurcu | Hal\u0131 K\u0131l\u0131f\u0131 | Toptan Hal\u0131 K\u0131l\u0131f\u0131 | Hal\u0131 K\u0131l\u0131flar\u0131","robots":{"index":"index","follow":"follow","max-snippet":"max-snippet:-1","max-image-preview":"max-image-preview:large","max-video-preview":"max-video-preview:-1"},"canonical":"https:\/\/yorumambalaj.com\/index.php\/urun\/hali-hurcu\/","og_locale":"tr_TR","og_type":"article","og_title":"Hal\u0131 Hurcu - Yorum Ambalaj","og_description":"Hal\u0131 Hurcu: Hal\u0131 Hur\u00e7lar\u0131 | Hal\u0131 K\u0131l\u0131f\u0131 Hurcu | Hal\u0131 Saklama Hurcu | Toptan Hal\u0131 Hurcu | Hal\u0131 K\u0131l\u0131f\u0131 | Toptan Hal\u0131 K\u0131l\u0131f\u0131 | Hal\u0131 K\u0131l\u0131flar\u0131","og_url":"https:\/\/yorumambalaj.com\/index.php\/urun\/hali-hurcu\/","og_site_name":"Yorum Ambalaj","article_modified_time":"2022-12-11T16:27:09+00:00","og_image":[{"width":2369,"height":2560,"url":"https:\/\/yorumambalaj.com\/wp-content\/uploads\/2022\/12\/hali-hurcu-scaled.webp","type":"image\/webp"}],"twitter_card":"summary_large_image","twitter_misc":{"Tahmini okuma s\u00fcresi":"2 dakika"},"schema":{"@context":"https:\/\/schema.org","@graph":[{"@type":"WebPage","@id":"https:\/\/yorumambalaj.com\/index.php\/urun\/hali-hurcu\/","url":"https:\/\/yorumambalaj.com\/index.php\/urun\/hali-hurcu\/","name":"Hal\u0131 Hurcu - Yorum Ambalaj","isPartOf":{"@id":"https:\/\/yorumambalaj.com\/#website"},"primaryImageOfPage":{"@id":"https:\/\/yorumambalaj.com\/index.php\/urun\/hali-hurcu\/#primaryimage"},"image":{"@id":"https:\/\/yorumambalaj.com\/index.php\/urun\/hali-hurcu\/#primaryimage"},"thumbnailUrl":"https:\/\/yorumambalaj.com\/wp-content\/uploads\/2022\/12\/hali-hurcu-scaled.webp","datePublished":"2022-12-06T12:53:20+00:00","dateModified":"2022-12-11T16:27:09+00:00","description":"Hal\u0131 Hurcu: Hal\u0131 Hur\u00e7lar\u0131 | Hal\u0131 K\u0131l\u0131f\u0131 Hurcu | Hal\u0131 Saklama Hurcu | Toptan Hal\u0131 Hurcu | Hal\u0131 K\u0131l\u0131f\u0131 | Toptan Hal\u0131 K\u0131l\u0131f\u0131 | Hal\u0131 K\u0131l\u0131flar\u0131","breadcrumb":{"@id":"https:\/\/yorumambalaj.com\/index.php\/urun\/hali-hurcu\/#breadcrumb"},"inLanguage":"tr","potentialAction":[{"@type":"ReadAction","target":["https:\/\/yorumambalaj.com\/index.php\/urun\/hali-hurcu\/"]}]},{"@type":"ImageObject","inLanguage":"tr","@id":"https:\/\/yorumambalaj.com\/index.php\/urun\/hali-hurcu\/#primaryimage","url":"https:\/\/yorumambalaj.com\/wp-content\/uploads\/2022\/12\/hali-hurcu-scaled.webp","contentUrl":"https:\/\/yorumambalaj.com\/wp-content\/uploads\/2022\/12\/hali-hurcu-scaled.webp","width":2369,"height":2560,"caption":"hali-hurcu Hal\u0131 Hurcu hal\u0131 hurcu kategorisinde yer almaktad\u0131r. Yorum Ambalaj olarak bir\u00e7ok farkl\u0131 t\u00fcrde hal\u0131 hurcu imalat\u0131 yapmaktay\u0131z. Di\u011fer hal\u0131 k\u0131l\u0131f\u0131 modelleri ve tasar\u0131mlar\u0131 i\u00e7in web sitemize bakabilirsiniz."},{"@type":"BreadcrumbList","@id":"https:\/\/yorumambalaj.com\/index.php\/urun\/hali-hurcu\/#breadcrumb","itemListElement":[{"@type":"ListItem","position":1,"name":"Anasayfa","item":"https:\/\/yorumambalaj.com\/"},{"@type":"ListItem","position":2,"name":"\u00dcr\u00fcnler","item":"https:\/\/yorumambalaj.com\/index.php\/urunler\/"},{"@type":"ListItem","position":3,"name":"Hal\u0131 Hurcu"}]},{"@type":"WebSite","@id":"https:\/\/yorumambalaj.com\/#website","url":"https:\/\/yorumambalaj.com\/","name":"Yorum Ambalaj","description":"","publisher":{"@id":"https:\/\/yorumambalaj.com\/#organization"},"potentialAction":[{"@type":"SearchAction","target":{"@type":"EntryPoint","urlTemplate":"https:\/\/yorumambalaj.com\/?s={search_term_string}"},"query-input":"required name=search_term_string"}],"inLanguage":"tr"},{"@type":"Organization","@id":"https:\/\/yorumambalaj.com\/#organization","name":"Yorum Ambalaj","url":"https:\/\/yorumambalaj.com\/","logo":{"@type":"ImageObject","inLanguage":"tr","@id":"https:\/\/yorumambalaj.com\/#\/schema\/logo\/image\/","url":"https:\/\/yorumambalaj.com\/wp-content\/uploads\/2022\/12\/logo-1001.png","contentUrl":"https:\/\/yorumambalaj.com\/wp-content\/uploads\/2022\/12\/logo-1001.png","width":1442,"height":710,"caption":"Yorum Ambalaj"},"image":{"@id":"https:\/\/yorumambalaj.com\/#\/schema\/logo\/image\/"}}]}},"_links":{"self":[{"href":"https:\/\/yorumambalaj.com\/index.php\/wp-json\/wp\/v2\/product\/5037"}],"collection":[{"href":"https:\/\/yorumambalaj.com\/index.php\/wp-json\/wp\/v2\/product"}],"about":[{"href":"https:\/\/yorumambalaj.com\/index.php\/wp-json\/wp\/v2\/types\/product"}],"replies":[{"embeddable":true,"href":"https:\/\/yorumambalaj.com\/index.php\/wp-json\/wp\/v2\/comments?post=5037"}],"wp:featuredmedia":[{"embeddable":true,"href":"https:\/\/yorumambalaj.com\/index.php\/wp-json\/wp\/v2\/media\/5039"}],"wp:attachment":[{"href":"https:\/\/yorumambalaj.com\/index.php\/wp-json\/wp\/v2\/media?parent=5037"}],"wp:term":[{"taxonomy":"product_cat","embeddable":true,"href":"https:\/\/yorumambalaj.com\/index.php\/wp-json\/wp\/v2\/product_cat?post=5037"},{"taxonomy":"product_tag","embeddable":true,"href":"https:\/\/yorumambalaj.com\/index.php\/wp-json\/wp\/v2\/product_tag?post=5037"}],"curies":[{"name":"wp","href":"https:\/\/api.w.org\/{rel}","templated":true}]}}