{"id":4910,"date":"2022-11-26T12:31:14","date_gmt":"2022-11-26T12:31:14","guid":{"rendered":"https:\/\/yorumambalaj.com\/?post_type=product&#038;p=4910"},"modified":"2022-12-11T15:39:20","modified_gmt":"2022-12-11T15:39:20","slug":"ham-bez-torba","status":"publish","type":"product","link":"https:\/\/yorumambalaj.com\/index.php\/urun\/ham-bez-torba\/","title":{"rendered":"Ham Bez Torba"},"content":{"rendered":"<h1>Ham Bez Torba<\/h1>\n<p><strong>Ham Bez Torba<\/strong>\u00a0Bez Torbalar kategorisinde yer almaktad\u0131r. Resimde g\u00f6r\u00fclen <strong>Ham Bez Torba<\/strong>\u00a0iste\u011finiz \u00fczere farkl\u0131 \u00f6zelliklerde \u00fcretilebilir. \u00dcr\u00fcnlerimizi ham bez kuma\u015f, Amerikan bez kuma\u015f, gabardin kuma\u015f, kanvas kuma\u015f, imperteks kuma\u015f, tela (nonwoven) kuma\u015f ve pvc gibi malzemeleri kullanarak \u00fcretmekteyiz. Kullan\u0131lan kuma\u015flar sayesinde \u00e7antalar\u0131m\u0131z %100 geri d\u00f6n\u00fc\u015f\u00fcml\u00fc ve \u00e7evreye duyarl\u0131d\u0131r. Do\u011faya zarar vermeyen anti bakteriyel \u00f6zelli\u011fe sahiptir.<\/p>\n<p>Yorum Ambalaj olarak bir\u00e7ok farkl\u0131 t\u00fcrde bez torba imalat\u0131 yapmaktay\u0131z. Bez torba modelleri i\u00e7in web sitemizdeki di\u011fer \u00fcr\u00fcnlere bakabilirsiniz. Ayr\u0131ca m\u00fc\u015fterilere \u00f6zel bez torba tasar\u0131mlar\u0131 da yapmaktay\u0131z. Bez torba dikimi firmam\u0131z dahilinde yap\u0131lmaktad\u0131r. Bez torba fiyatlar\u0131 i\u00e7in bizimle ileti\u015fime ge\u00e7meniz yeterlidir. \u00dcretici firma olmam\u0131z sayesinde bez torba toptan sat\u0131\u015f\u0131 yapabilmekteyiz.<\/p>\n<p>Bez \u00e7antac\u0131 olarak 1996 y\u0131l\u0131ndan beri bez \u00e7anta, ka\u011f\u0131t \u00e7anta, bez kese, bez torba, hal\u0131 k\u0131l\u0131f\u0131, elbise k\u0131l\u0131f\u0131 ve \u00f6nl\u00fck gibi \u00e7e\u015fitli kategorilerde \u00fcretim yapan imalat\u00e7\u0131 bir firmay\u0131z. Bu nedenle alan\u0131nda yetkin kadromuz ile sizlerin beklentilerini en iyi \u015fekilde anl\u0131yoruz. Sizlere en iyi \u00e7\u00f6z\u00fcmleri \u00fcretiyoruz. T\u00fcm \u00fcr\u00fcnlerimize ula\u015fmak i\u00e7in l\u00fctfen \u201c<a href=\"https:\/\/yorumambalaj.com\/index.php\/urunler\/\">\u00dcr\u00fcnler<\/a>\u201c ifadesine t\u0131klay\u0131n. Firmam\u0131z b\u00fcnyesinde bir\u00e7ok bask\u0131 ve \u00fcretim y\u00f6ntemi kullan\u0131lmaktad\u0131r. Bunlardan baz\u0131lar\u0131 a\u015fa\u011f\u0131da g\u00f6sterilmektedir.<\/p>\n<p>Bask\u0131 T\u00fcrleri: Dijital, Emprime, Flekso, Flok, Frekans, Kabartma, Ofset, Serigrafi, Tambur, Transfer, Varak<\/p>\n<p>\u00dcretim T\u00fcrleri: Tekstil Diki\u015f, Ultrasonik Kaynak Diki\u015f, Frekans Diki\u015f<\/p>\n<h2><strong>Bez Torbalar<\/strong><\/h2>\n<p>Bez torbalar\u0131 kalite ve g\u00fcvenilirlikleri sayesinde uzun y\u0131llar boyunca kullanabilirsiniz. Firman\u0131z\u0131n reklam\u0131n\u0131 yap\u0131p kendinizi tan\u0131tabilirsiniz. Konferans, seminer, forum, panel ve fuar gibi \u00e7e\u015fitli alanlarda promosyon amac\u0131yla kullanabilirsiniz.<\/p>\n<p>Bez torbalara b\u00fczg\u00fcl\u00fc torbalar da denilmektedir. B\u00fczg\u00fcl\u00fc bez torbalar\u0131 kirli \u00e7ama\u015f\u0131r torbas\u0131 olarak veya otellerde \u00e7ama\u015f\u0131r torbas\u0131 olarak kullanabilirsiniz. Bunlar\u0131n d\u0131\u015f\u0131nda ayakkab\u0131lar\u0131n konulmas\u0131 i\u00e7in ayakkab\u0131 torbas\u0131 olarak kullanabilirsiniz. Ham bez kuma\u015f\u0131ndan \u00fcretilen torbalar\u0131 g\u0131da \u00fcr\u00fcnlerini koymak i\u00e7in kullanabilirsiniz. Bez torbalar burada \u00f6rnek olarak say\u0131lanlar\u0131n d\u0131\u015f\u0131nda bir\u00e7ok ama\u00e7 i\u00e7in kullan\u0131labilirler.<\/p>\n<p>K\u0131sacas\u0131 sizleri ya\u015fanabilir bir do\u011fa i\u00e7in bez torba kullanmaya davet ediyoruz.<\/p>\n","protected":false},"excerpt":{"rendered":"<p>&nbsp;<\/p>\n<p>En, boy: 24&#215;28 cm<\/p>\n<p>Kuma\u015f \u00f6zellikleri: Ham bez \u2013 tek ip tak\u0131l\u0131<\/p>\n<p>\u00dcretim t\u00fcr\u00fc: Tekstil diki\u015f<\/p>\n<p>Bask\u0131 t\u00fcr\u00fc: \u00d6n \u00e7ift renk emprime bask\u0131<\/p>\n<p>\u00d6zellikler iste\u011finiz \u00fczerine \u00f6zelle\u015ftirilebilir.<\/p>\n","protected":false},"featured_media":4911,"comment_status":"closed","ping_status":"closed","template":"","meta":[],"product_cat":[172,167],"product_tag":[193],"yoast_head":"<!-- This site is optimized with the Yoast SEO plugin v23.0 - https:\/\/yoast.com\/wordpress\/plugins\/seo\/ -->\n<title>Ham Bez Torba - Yorum Ambalaj<\/title>\n<meta name=\"description\" content=\"Ham Bez Torba: Bez Torba| B\u00fczg\u00fcl\u00fc Bez Torba| B\u00fczg\u00fcl\u00fc Torba| Ayakkab\u0131 Torbas\u0131| \u00c7ama\u015f\u0131r Torbas\u0131| Bez Torba \u00c7anta| Bez G\u0131da Torbas\u0131| Bez Torba Fiyatlar\u0131\" \/>\n<meta name=\"robots\" content=\"index, follow, max-snippet:-1, max-image-preview:large, max-video-preview:-1\" \/>\n<link rel=\"canonical\" href=\"https:\/\/yorumambalaj.com\/index.php\/urun\/ham-bez-torba\/\" \/>\n<meta property=\"og:locale\" content=\"tr_TR\" \/>\n<meta property=\"og:type\" content=\"article\" \/>\n<meta property=\"og:title\" content=\"Ham Bez Torba - Yorum Ambalaj\" \/>\n<meta property=\"og:description\" content=\"Ham Bez Torba: Bez Torba| B\u00fczg\u00fcl\u00fc Bez Torba| B\u00fczg\u00fcl\u00fc Torba| Ayakkab\u0131 Torbas\u0131| \u00c7ama\u015f\u0131r Torbas\u0131| Bez Torba \u00c7anta| Bez G\u0131da Torbas\u0131| Bez Torba Fiyatlar\u0131\" \/>\n<meta property=\"og:url\" content=\"https:\/\/yorumambalaj.com\/index.php\/urun\/ham-bez-torba\/\" \/>\n<meta property=\"og:site_name\" content=\"Yorum Ambalaj\" \/>\n<meta property=\"article:modified_time\" content=\"2022-12-11T15:39:20+00:00\" \/>\n<meta property=\"og:image\" content=\"https:\/\/yorumambalaj.com\/wp-content\/uploads\/2022\/11\/ham-bez-torba.webp\" \/>\n\t<meta property=\"og:image:width\" content=\"2362\" \/>\n\t<meta property=\"og:image:height\" content=\"2362\" \/>\n\t<meta property=\"og:image:type\" content=\"image\/webp\" \/>\n<meta name=\"twitter:card\" content=\"summary_large_image\" \/>\n<meta name=\"twitter:label1\" content=\"Tahmini okuma s\u00fcresi\" \/>\n\t<meta name=\"twitter:data1\" content=\"2 dakika\" \/>\n<script type=\"application\/ld+json\" class=\"yoast-schema-graph\">{\"@context\":\"https:\/\/schema.org\",\"@graph\":[{\"@type\":\"WebPage\",\"@id\":\"https:\/\/yorumambalaj.com\/index.php\/urun\/ham-bez-torba\/\",\"url\":\"https:\/\/yorumambalaj.com\/index.php\/urun\/ham-bez-torba\/\",\"name\":\"Ham Bez Torba - Yorum Ambalaj\",\"isPartOf\":{\"@id\":\"https:\/\/yorumambalaj.com\/#website\"},\"primaryImageOfPage\":{\"@id\":\"https:\/\/yorumambalaj.com\/index.php\/urun\/ham-bez-torba\/#primaryimage\"},\"image\":{\"@id\":\"https:\/\/yorumambalaj.com\/index.php\/urun\/ham-bez-torba\/#primaryimage\"},\"thumbnailUrl\":\"https:\/\/yorumambalaj.com\/wp-content\/uploads\/2022\/11\/ham-bez-torba.webp\",\"datePublished\":\"2022-11-26T12:31:14+00:00\",\"dateModified\":\"2022-12-11T15:39:20+00:00\",\"description\":\"Ham Bez Torba: Bez Torba| B\u00fczg\u00fcl\u00fc Bez Torba| B\u00fczg\u00fcl\u00fc Torba| Ayakkab\u0131 Torbas\u0131| \u00c7ama\u015f\u0131r Torbas\u0131| Bez Torba \u00c7anta| Bez G\u0131da Torbas\u0131| Bez Torba Fiyatlar\u0131\",\"breadcrumb\":{\"@id\":\"https:\/\/yorumambalaj.com\/index.php\/urun\/ham-bez-torba\/#breadcrumb\"},\"inLanguage\":\"tr\",\"potentialAction\":[{\"@type\":\"ReadAction\",\"target\":[\"https:\/\/yorumambalaj.com\/index.php\/urun\/ham-bez-torba\/\"]}]},{\"@type\":\"ImageObject\",\"inLanguage\":\"tr\",\"@id\":\"https:\/\/yorumambalaj.com\/index.php\/urun\/ham-bez-torba\/#primaryimage\",\"url\":\"https:\/\/yorumambalaj.com\/wp-content\/uploads\/2022\/11\/ham-bez-torba.webp\",\"contentUrl\":\"https:\/\/yorumambalaj.com\/wp-content\/uploads\/2022\/11\/ham-bez-torba.webp\",\"width\":2362,\"height\":2362,\"caption\":\"ham-bez-torba Ham Bez Torba bir bez torbad\u0131r. B\u00fczg\u00fcl\u00fc torba olarak da adland\u0131r\u0131l\u0131rlar. Yorum Ambalaj olarak bir\u00e7ok farkl\u0131 t\u00fcrde bez torba imalat\u0131 yapmaktay\u0131z. Di\u011fer bez torba modelleri ve tasar\u0131mlar\u0131 i\u00e7in web sitemize bakabilirsiniz.\"},{\"@type\":\"BreadcrumbList\",\"@id\":\"https:\/\/yorumambalaj.com\/index.php\/urun\/ham-bez-torba\/#breadcrumb\",\"itemListElement\":[{\"@type\":\"ListItem\",\"position\":1,\"name\":\"Anasayfa\",\"item\":\"https:\/\/yorumambalaj.com\/\"},{\"@type\":\"ListItem\",\"position\":2,\"name\":\"\u00dcr\u00fcnler\",\"item\":\"https:\/\/yorumambalaj.com\/index.php\/urunler\/\"},{\"@type\":\"ListItem\",\"position\":3,\"name\":\"Ham Bez Torba\"}]},{\"@type\":\"WebSite\",\"@id\":\"https:\/\/yorumambalaj.com\/#website\",\"url\":\"https:\/\/yorumambalaj.com\/\",\"name\":\"Yorum Ambalaj\",\"description\":\"\",\"publisher\":{\"@id\":\"https:\/\/yorumambalaj.com\/#organization\"},\"potentialAction\":[{\"@type\":\"SearchAction\",\"target\":{\"@type\":\"EntryPoint\",\"urlTemplate\":\"https:\/\/yorumambalaj.com\/?s={search_term_string}\"},\"query-input\":\"required name=search_term_string\"}],\"inLanguage\":\"tr\"},{\"@type\":\"Organization\",\"@id\":\"https:\/\/yorumambalaj.com\/#organization\",\"name\":\"Yorum Ambalaj\",\"url\":\"https:\/\/yorumambalaj.com\/\",\"logo\":{\"@type\":\"ImageObject\",\"inLanguage\":\"tr\",\"@id\":\"https:\/\/yorumambalaj.com\/#\/schema\/logo\/image\/\",\"url\":\"https:\/\/yorumambalaj.com\/wp-content\/uploads\/2022\/12\/logo-1001.png\",\"contentUrl\":\"https:\/\/yorumambalaj.com\/wp-content\/uploads\/2022\/12\/logo-1001.png\",\"width\":1442,\"height\":710,\"caption\":\"Yorum Ambalaj\"},\"image\":{\"@id\":\"https:\/\/yorumambalaj.com\/#\/schema\/logo\/image\/\"}}]}<\/script>\n<!-- \/ Yoast SEO plugin. -->","yoast_head_json":{"title":"Ham Bez Torba - Yorum Ambalaj","description":"Ham Bez Torba: Bez Torba| B\u00fczg\u00fcl\u00fc Bez Torba| B\u00fczg\u00fcl\u00fc Torba| Ayakkab\u0131 Torbas\u0131| \u00c7ama\u015f\u0131r Torbas\u0131| Bez Torba \u00c7anta| Bez G\u0131da Torbas\u0131| Bez Torba Fiyatlar\u0131","robots":{"index":"index","follow":"follow","max-snippet":"max-snippet:-1","max-image-preview":"max-image-preview:large","max-video-preview":"max-video-preview:-1"},"canonical":"https:\/\/yorumambalaj.com\/index.php\/urun\/ham-bez-torba\/","og_locale":"tr_TR","og_type":"article","og_title":"Ham Bez Torba - Yorum Ambalaj","og_description":"Ham Bez Torba: Bez Torba| B\u00fczg\u00fcl\u00fc Bez Torba| B\u00fczg\u00fcl\u00fc Torba| Ayakkab\u0131 Torbas\u0131| \u00c7ama\u015f\u0131r Torbas\u0131| Bez Torba \u00c7anta| Bez G\u0131da Torbas\u0131| Bez Torba Fiyatlar\u0131","og_url":"https:\/\/yorumambalaj.com\/index.php\/urun\/ham-bez-torba\/","og_site_name":"Yorum Ambalaj","article_modified_time":"2022-12-11T15:39:20+00:00","og_image":[{"width":2362,"height":2362,"url":"https:\/\/yorumambalaj.com\/wp-content\/uploads\/2022\/11\/ham-bez-torba.webp","type":"image\/webp"}],"twitter_card":"summary_large_image","twitter_misc":{"Tahmini okuma s\u00fcresi":"2 dakika"},"schema":{"@context":"https:\/\/schema.org","@graph":[{"@type":"WebPage","@id":"https:\/\/yorumambalaj.com\/index.php\/urun\/ham-bez-torba\/","url":"https:\/\/yorumambalaj.com\/index.php\/urun\/ham-bez-torba\/","name":"Ham Bez Torba - Yorum Ambalaj","isPartOf":{"@id":"https:\/\/yorumambalaj.com\/#website"},"primaryImageOfPage":{"@id":"https:\/\/yorumambalaj.com\/index.php\/urun\/ham-bez-torba\/#primaryimage"},"image":{"@id":"https:\/\/yorumambalaj.com\/index.php\/urun\/ham-bez-torba\/#primaryimage"},"thumbnailUrl":"https:\/\/yorumambalaj.com\/wp-content\/uploads\/2022\/11\/ham-bez-torba.webp","datePublished":"2022-11-26T12:31:14+00:00","dateModified":"2022-12-11T15:39:20+00:00","description":"Ham Bez Torba: Bez Torba| B\u00fczg\u00fcl\u00fc Bez Torba| B\u00fczg\u00fcl\u00fc Torba| Ayakkab\u0131 Torbas\u0131| \u00c7ama\u015f\u0131r Torbas\u0131| Bez Torba \u00c7anta| Bez G\u0131da Torbas\u0131| Bez Torba Fiyatlar\u0131","breadcrumb":{"@id":"https:\/\/yorumambalaj.com\/index.php\/urun\/ham-bez-torba\/#breadcrumb"},"inLanguage":"tr","potentialAction":[{"@type":"ReadAction","target":["https:\/\/yorumambalaj.com\/index.php\/urun\/ham-bez-torba\/"]}]},{"@type":"ImageObject","inLanguage":"tr","@id":"https:\/\/yorumambalaj.com\/index.php\/urun\/ham-bez-torba\/#primaryimage","url":"https:\/\/yorumambalaj.com\/wp-content\/uploads\/2022\/11\/ham-bez-torba.webp","contentUrl":"https:\/\/yorumambalaj.com\/wp-content\/uploads\/2022\/11\/ham-bez-torba.webp","width":2362,"height":2362,"caption":"ham-bez-torba Ham Bez Torba bir bez torbad\u0131r. B\u00fczg\u00fcl\u00fc torba olarak da adland\u0131r\u0131l\u0131rlar. Yorum Ambalaj olarak bir\u00e7ok farkl\u0131 t\u00fcrde bez torba imalat\u0131 yapmaktay\u0131z. Di\u011fer bez torba modelleri ve tasar\u0131mlar\u0131 i\u00e7in web sitemize bakabilirsiniz."},{"@type":"BreadcrumbList","@id":"https:\/\/yorumambalaj.com\/index.php\/urun\/ham-bez-torba\/#breadcrumb","itemListElement":[{"@type":"ListItem","position":1,"name":"Anasayfa","item":"https:\/\/yorumambalaj.com\/"},{"@type":"ListItem","position":2,"name":"\u00dcr\u00fcnler","item":"https:\/\/yorumambalaj.com\/index.php\/urunler\/"},{"@type":"ListItem","position":3,"name":"Ham Bez Torba"}]},{"@type":"WebSite","@id":"https:\/\/yorumambalaj.com\/#website","url":"https:\/\/yorumambalaj.com\/","name":"Yorum Ambalaj","description":"","publisher":{"@id":"https:\/\/yorumambalaj.com\/#organization"},"potentialAction":[{"@type":"SearchAction","target":{"@type":"EntryPoint","urlTemplate":"https:\/\/yorumambalaj.com\/?s={search_term_string}"},"query-input":"required name=search_term_string"}],"inLanguage":"tr"},{"@type":"Organization","@id":"https:\/\/yorumambalaj.com\/#organization","name":"Yorum Ambalaj","url":"https:\/\/yorumambalaj.com\/","logo":{"@type":"ImageObject","inLanguage":"tr","@id":"https:\/\/yorumambalaj.com\/#\/schema\/logo\/image\/","url":"https:\/\/yorumambalaj.com\/wp-content\/uploads\/2022\/12\/logo-1001.png","contentUrl":"https:\/\/yorumambalaj.com\/wp-content\/uploads\/2022\/12\/logo-1001.png","width":1442,"height":710,"caption":"Yorum Ambalaj"},"image":{"@id":"https:\/\/yorumambalaj.com\/#\/schema\/logo\/image\/"}}]}},"_links":{"self":[{"href":"https:\/\/yorumambalaj.com\/index.php\/wp-json\/wp\/v2\/product\/4910"}],"collection":[{"href":"https:\/\/yorumambalaj.com\/index.php\/wp-json\/wp\/v2\/product"}],"about":[{"href":"https:\/\/yorumambalaj.com\/index.php\/wp-json\/wp\/v2\/types\/product"}],"replies":[{"embeddable":true,"href":"https:\/\/yorumambalaj.com\/index.php\/wp-json\/wp\/v2\/comments?post=4910"}],"wp:featuredmedia":[{"embeddable":true,"href":"https:\/\/yorumambalaj.com\/index.php\/wp-json\/wp\/v2\/media\/4911"}],"wp:attachment":[{"href":"https:\/\/yorumambalaj.com\/index.php\/wp-json\/wp\/v2\/media?parent=4910"}],"wp:term":[{"taxonomy":"product_cat","embeddable":true,"href":"https:\/\/yorumambalaj.com\/index.php\/wp-json\/wp\/v2\/product_cat?post=4910"},{"taxonomy":"product_tag","embeddable":true,"href":"https:\/\/yorumambalaj.com\/index.php\/wp-json\/wp\/v2\/product_tag?post=4910"}],"curies":[{"name":"wp","href":"https:\/\/api.w.org\/{rel}","templated":true}]}}