{"id":4816,"date":"2022-11-25T15:27:59","date_gmt":"2022-11-25T15:27:59","guid":{"rendered":"https:\/\/yorumambalaj.com\/?post_type=product&#038;p=4816"},"modified":"2022-11-25T15:28:00","modified_gmt":"2022-11-25T15:28:00","slug":"katlanabilir-bez-canta","status":"publish","type":"product","link":"https:\/\/yorumambalaj.com\/index.php\/urun\/katlanabilir-bez-canta\/","title":{"rendered":"Katlanabilir Bez \u00c7anta"},"content":{"rendered":"<h1>Katlanabilir Bez \u00c7anta<\/h1>\n<p><strong>Katlanabilir Bez \u00c7anta<\/strong>\u00a0Katlanabilir Bez \u00c7antalar kategorisinde yer almaktad\u0131r. Resimde g\u00f6r\u00fclen <strong>Katlanabilir Bez \u00c7anta<\/strong> iste\u011finiz \u00fczere farkl\u0131 \u00f6zelliklerde \u00fcretilebilir. \u00dcr\u00fcnlerimizi ham bez kuma\u015f, Amerikan bez kuma\u015f, gabardin kuma\u015f, kanvas kuma\u015f, imperteks kuma\u015f, tela (nonwoven) kuma\u015f ve pvc gibi malzemeleri kullanarak \u00fcretmekteyiz. Kullan\u0131lan kuma\u015flar sayesinde \u00e7antalar\u0131m\u0131z %100 geri d\u00f6n\u00fc\u015f\u00fcml\u00fc ve \u00e7evreye duyarl\u0131d\u0131r. Do\u011faya zarar vermeyen anti bakteriyel \u00f6zelli\u011fe sahiptir.<\/p>\n<p>Yorum Ambalaj olarak bir\u00e7ok farkl\u0131 t\u00fcrde bez \u00e7anta imalat\u0131 yapmaktay\u0131z. Bez \u00e7anta modelleri i\u00e7in web sitemizdeki di\u011fer \u00fcr\u00fcnlere bakabilirsiniz. Ayr\u0131ca m\u00fc\u015fterilere \u00f6zel bez \u00e7anta tasar\u0131mlar\u0131 da yapmaktay\u0131z. Bez \u00e7anta dikimi firmam\u0131z dahilinde yap\u0131lmaktad\u0131r. Diledi\u011finiz kuma\u015f \u00e7anta modelleri i\u00e7in bizimle ileti\u015fime ge\u00e7meniz yeterlidir. \u00dcretici firma olmam\u0131z sayesinde bez \u00e7anta toptan sat\u0131\u015f\u0131 yapabilmekteyiz.<\/p>\n<p>Bez \u00e7antac\u0131 olarak 1996 y\u0131l\u0131ndan beri bez \u00e7anta, ka\u011f\u0131t \u00e7anta, bez kese, bez torba, hal\u0131 k\u0131l\u0131f\u0131, elbise k\u0131l\u0131f\u0131 ve \u00f6nl\u00fck gibi \u00e7e\u015fitli kategorilerde \u00fcretim yapan imalat\u00e7\u0131 bir firmay\u0131z. Bu nedenle alan\u0131nda yetkin kadromuz ile sizlerin beklentilerini en iyi \u015fekilde anl\u0131yoruz. Sizlere en iyi \u00e7\u00f6z\u00fcmleri \u00fcretiyoruz. T\u00fcm \u00fcr\u00fcnlerimize ula\u015fmak i\u00e7in l\u00fctfen \u201c<a href=\"https:\/\/yorumambalaj.com\/index.php\/urunler\/\">\u00dcr\u00fcnler<\/a>\u201c ifadesine t\u0131klay\u0131n. Firmam\u0131z b\u00fcnyesinde bir\u00e7ok bask\u0131 ve \u00fcretim y\u00f6ntemi kullan\u0131lmaktad\u0131r. Bunlardan baz\u0131lar\u0131 a\u015fa\u011f\u0131da g\u00f6sterilmektedir.<\/p>\n<p>Bask\u0131 T\u00fcrleri: Dijital, Emprime, Flekso, Flok, Frekans, Kabartma, Ofset, Serigrafi, Tambur, Transfer, Varak<\/p>\n<p>\u00dcretim T\u00fcrleri: Tekstil Diki\u015f, Ultrasonik Kaynak Diki\u015f, Frekans Diki\u015f<\/p>\n<h2><strong>Bez \u00c7antalar<\/strong><\/h2>\n<p>Bez \u00e7antalar\u0131 kalite ve g\u00fcvenilirlikleri sayesinde uzun y\u0131llar boyunca kullanabilirsiniz. Firman\u0131z\u0131n reklam\u0131n\u0131 yap\u0131p kendinizi tan\u0131tabilirsiniz. Konferans, seminer, forum, panel ve fuar gibi \u00e7e\u015fitli alanlarda promosyon amac\u0131yla kullanabilirsiniz.<\/p>\n<p>Bu kategoride yer alan bez \u00e7antalar kullan\u0131lan kuma\u015f \u00f6zellikleri sayesinde katlanabilirler. Bu sayede daha az yer kaplarlar. Ayr\u0131ca ilgin\u00e7 tasar\u0131mlar\u0131 onlar\u0131 dikkat \u00e7ekici yapmaktad\u0131r.<\/p>\n<p>K\u0131sacas\u0131 sizleri ya\u015fanabilir bir do\u011fa i\u00e7in bez \u00e7anta kullanmaya davet ediyoruz.<\/p>\n","protected":false},"excerpt":{"rendered":"<p>&nbsp;<\/p>\n<p>En, boy: 36&#215;43 cm<\/p>\n<p>Kordon sap: 20 cm<\/p>\n<p>Kuma\u015f \u00f6zellikleri: 600 denye k\u0131rm\u0131z\u0131 imperteks kuma\u015f \u2013 19&#215;19 beyaz suni deri (c\u00fczdan k\u0131sm\u0131) \u2013 \u00e7\u0131t \u00e7\u0131t<\/p>\n<p>\u00dcretim t\u00fcr\u00fc: Biye Tekstil diki\u015f<\/p>\n<p>Bask\u0131 t\u00fcr\u00fc: 2 renk serigrafi bask\u0131<\/p>\n<p>\u00d6zellikler iste\u011finiz \u00fczerine \u00f6zelle\u015ftirilebilir.<\/p>\n","protected":false},"featured_media":4817,"comment_status":"closed","ping_status":"closed","template":"","meta":[],"product_cat":[172,158,164],"product_tag":[],"yoast_head":"<!-- This site is optimized with the Yoast SEO plugin v23.0 - https:\/\/yoast.com\/wordpress\/plugins\/seo\/ -->\n<title>Katlanabilir Bez \u00c7anta - Yorum Ambalaj<\/title>\n<meta name=\"description\" content=\"Katlanabilir Bez \u00c7anta: Bez \u00c7antac\u0131| Bez \u00c7anta Toptan| Bez \u00c7anta \u0130malat\u0131| Bez \u00c7anta Modelleri| Kuma\u015f \u00c7anta Modelleri| Katlanabilir \u00c7anta| Katlan\u0131r \u00c7anta\" \/>\n<meta name=\"robots\" content=\"index, follow, max-snippet:-1, max-image-preview:large, max-video-preview:-1\" \/>\n<link rel=\"canonical\" href=\"https:\/\/yorumambalaj.com\/index.php\/urun\/katlanabilir-bez-canta\/\" \/>\n<meta property=\"og:locale\" content=\"tr_TR\" \/>\n<meta property=\"og:type\" content=\"article\" \/>\n<meta property=\"og:title\" content=\"Katlanabilir Bez \u00c7anta - Yorum Ambalaj\" \/>\n<meta property=\"og:description\" content=\"Katlanabilir Bez \u00c7anta: Bez \u00c7antac\u0131| Bez \u00c7anta Toptan| Bez \u00c7anta \u0130malat\u0131| Bez \u00c7anta Modelleri| Kuma\u015f \u00c7anta Modelleri| Katlanabilir \u00c7anta| Katlan\u0131r \u00c7anta\" \/>\n<meta property=\"og:url\" content=\"https:\/\/yorumambalaj.com\/index.php\/urun\/katlanabilir-bez-canta\/\" \/>\n<meta property=\"og:site_name\" content=\"Yorum Ambalaj\" \/>\n<meta property=\"article:modified_time\" content=\"2022-11-25T15:28:00+00:00\" \/>\n<meta property=\"og:image\" content=\"https:\/\/yorumambalaj.com\/wp-content\/uploads\/2022\/11\/katlanabilir-bez-canta.webp\" \/>\n\t<meta property=\"og:image:width\" content=\"2362\" \/>\n\t<meta property=\"og:image:height\" content=\"1771\" \/>\n\t<meta property=\"og:image:type\" content=\"image\/webp\" \/>\n<meta name=\"twitter:card\" content=\"summary_large_image\" \/>\n<meta name=\"twitter:label1\" content=\"Tahmini okuma s\u00fcresi\" \/>\n\t<meta name=\"twitter:data1\" content=\"2 dakika\" \/>\n<script type=\"application\/ld+json\" class=\"yoast-schema-graph\">{\"@context\":\"https:\/\/schema.org\",\"@graph\":[{\"@type\":\"WebPage\",\"@id\":\"https:\/\/yorumambalaj.com\/index.php\/urun\/katlanabilir-bez-canta\/\",\"url\":\"https:\/\/yorumambalaj.com\/index.php\/urun\/katlanabilir-bez-canta\/\",\"name\":\"Katlanabilir Bez \u00c7anta - Yorum Ambalaj\",\"isPartOf\":{\"@id\":\"https:\/\/yorumambalaj.com\/#website\"},\"primaryImageOfPage\":{\"@id\":\"https:\/\/yorumambalaj.com\/index.php\/urun\/katlanabilir-bez-canta\/#primaryimage\"},\"image\":{\"@id\":\"https:\/\/yorumambalaj.com\/index.php\/urun\/katlanabilir-bez-canta\/#primaryimage\"},\"thumbnailUrl\":\"https:\/\/yorumambalaj.com\/wp-content\/uploads\/2022\/11\/katlanabilir-bez-canta.webp\",\"datePublished\":\"2022-11-25T15:27:59+00:00\",\"dateModified\":\"2022-11-25T15:28:00+00:00\",\"description\":\"Katlanabilir Bez \u00c7anta: Bez \u00c7antac\u0131| Bez \u00c7anta Toptan| Bez \u00c7anta \u0130malat\u0131| Bez \u00c7anta Modelleri| Kuma\u015f \u00c7anta Modelleri| Katlanabilir \u00c7anta| Katlan\u0131r \u00c7anta\",\"breadcrumb\":{\"@id\":\"https:\/\/yorumambalaj.com\/index.php\/urun\/katlanabilir-bez-canta\/#breadcrumb\"},\"inLanguage\":\"tr\",\"potentialAction\":[{\"@type\":\"ReadAction\",\"target\":[\"https:\/\/yorumambalaj.com\/index.php\/urun\/katlanabilir-bez-canta\/\"]}]},{\"@type\":\"ImageObject\",\"inLanguage\":\"tr\",\"@id\":\"https:\/\/yorumambalaj.com\/index.php\/urun\/katlanabilir-bez-canta\/#primaryimage\",\"url\":\"https:\/\/yorumambalaj.com\/wp-content\/uploads\/2022\/11\/katlanabilir-bez-canta.webp\",\"contentUrl\":\"https:\/\/yorumambalaj.com\/wp-content\/uploads\/2022\/11\/katlanabilir-bez-canta.webp\",\"width\":2362,\"height\":1771,\"caption\":\"katlanabilir-bez-canta Katlanabilir Bez \u00c7anta bir bez \u00e7antad\u0131r. Katlanabilir bez \u00e7antalar kategorisinde yer almaktad\u0131r. Yorum Ambalaj olarak bir\u00e7ok farkl\u0131 t\u00fcrde bez \u00e7anta imalat\u0131 yapmaktay\u0131z. Di\u011fer bez \u00e7anta modelleri ve tasar\u0131mlar\u0131 i\u00e7in web sitemize bakabilirsiniz.\"},{\"@type\":\"BreadcrumbList\",\"@id\":\"https:\/\/yorumambalaj.com\/index.php\/urun\/katlanabilir-bez-canta\/#breadcrumb\",\"itemListElement\":[{\"@type\":\"ListItem\",\"position\":1,\"name\":\"Anasayfa\",\"item\":\"https:\/\/yorumambalaj.com\/\"},{\"@type\":\"ListItem\",\"position\":2,\"name\":\"\u00dcr\u00fcnler\",\"item\":\"https:\/\/yorumambalaj.com\/index.php\/urunler\/\"},{\"@type\":\"ListItem\",\"position\":3,\"name\":\"Katlanabilir Bez \u00c7anta\"}]},{\"@type\":\"WebSite\",\"@id\":\"https:\/\/yorumambalaj.com\/#website\",\"url\":\"https:\/\/yorumambalaj.com\/\",\"name\":\"Yorum Ambalaj\",\"description\":\"\",\"publisher\":{\"@id\":\"https:\/\/yorumambalaj.com\/#organization\"},\"potentialAction\":[{\"@type\":\"SearchAction\",\"target\":{\"@type\":\"EntryPoint\",\"urlTemplate\":\"https:\/\/yorumambalaj.com\/?s={search_term_string}\"},\"query-input\":\"required name=search_term_string\"}],\"inLanguage\":\"tr\"},{\"@type\":\"Organization\",\"@id\":\"https:\/\/yorumambalaj.com\/#organization\",\"name\":\"Yorum Ambalaj\",\"url\":\"https:\/\/yorumambalaj.com\/\",\"logo\":{\"@type\":\"ImageObject\",\"inLanguage\":\"tr\",\"@id\":\"https:\/\/yorumambalaj.com\/#\/schema\/logo\/image\/\",\"url\":\"https:\/\/yorumambalaj.com\/wp-content\/uploads\/2022\/12\/logo-1001.png\",\"contentUrl\":\"https:\/\/yorumambalaj.com\/wp-content\/uploads\/2022\/12\/logo-1001.png\",\"width\":1442,\"height\":710,\"caption\":\"Yorum Ambalaj\"},\"image\":{\"@id\":\"https:\/\/yorumambalaj.com\/#\/schema\/logo\/image\/\"}}]}<\/script>\n<!-- \/ Yoast SEO plugin. -->","yoast_head_json":{"title":"Katlanabilir Bez \u00c7anta - Yorum Ambalaj","description":"Katlanabilir Bez \u00c7anta: Bez \u00c7antac\u0131| Bez \u00c7anta Toptan| Bez \u00c7anta \u0130malat\u0131| Bez \u00c7anta Modelleri| Kuma\u015f \u00c7anta Modelleri| Katlanabilir \u00c7anta| Katlan\u0131r \u00c7anta","robots":{"index":"index","follow":"follow","max-snippet":"max-snippet:-1","max-image-preview":"max-image-preview:large","max-video-preview":"max-video-preview:-1"},"canonical":"https:\/\/yorumambalaj.com\/index.php\/urun\/katlanabilir-bez-canta\/","og_locale":"tr_TR","og_type":"article","og_title":"Katlanabilir Bez \u00c7anta - Yorum Ambalaj","og_description":"Katlanabilir Bez \u00c7anta: Bez \u00c7antac\u0131| Bez \u00c7anta Toptan| Bez \u00c7anta \u0130malat\u0131| Bez \u00c7anta Modelleri| Kuma\u015f \u00c7anta Modelleri| Katlanabilir \u00c7anta| Katlan\u0131r \u00c7anta","og_url":"https:\/\/yorumambalaj.com\/index.php\/urun\/katlanabilir-bez-canta\/","og_site_name":"Yorum Ambalaj","article_modified_time":"2022-11-25T15:28:00+00:00","og_image":[{"width":2362,"height":1771,"url":"https:\/\/yorumambalaj.com\/wp-content\/uploads\/2022\/11\/katlanabilir-bez-canta.webp","type":"image\/webp"}],"twitter_card":"summary_large_image","twitter_misc":{"Tahmini okuma s\u00fcresi":"2 dakika"},"schema":{"@context":"https:\/\/schema.org","@graph":[{"@type":"WebPage","@id":"https:\/\/yorumambalaj.com\/index.php\/urun\/katlanabilir-bez-canta\/","url":"https:\/\/yorumambalaj.com\/index.php\/urun\/katlanabilir-bez-canta\/","name":"Katlanabilir Bez \u00c7anta - Yorum Ambalaj","isPartOf":{"@id":"https:\/\/yorumambalaj.com\/#website"},"primaryImageOfPage":{"@id":"https:\/\/yorumambalaj.com\/index.php\/urun\/katlanabilir-bez-canta\/#primaryimage"},"image":{"@id":"https:\/\/yorumambalaj.com\/index.php\/urun\/katlanabilir-bez-canta\/#primaryimage"},"thumbnailUrl":"https:\/\/yorumambalaj.com\/wp-content\/uploads\/2022\/11\/katlanabilir-bez-canta.webp","datePublished":"2022-11-25T15:27:59+00:00","dateModified":"2022-11-25T15:28:00+00:00","description":"Katlanabilir Bez \u00c7anta: Bez \u00c7antac\u0131| Bez \u00c7anta Toptan| Bez \u00c7anta \u0130malat\u0131| Bez \u00c7anta Modelleri| Kuma\u015f \u00c7anta Modelleri| Katlanabilir \u00c7anta| Katlan\u0131r \u00c7anta","breadcrumb":{"@id":"https:\/\/yorumambalaj.com\/index.php\/urun\/katlanabilir-bez-canta\/#breadcrumb"},"inLanguage":"tr","potentialAction":[{"@type":"ReadAction","target":["https:\/\/yorumambalaj.com\/index.php\/urun\/katlanabilir-bez-canta\/"]}]},{"@type":"ImageObject","inLanguage":"tr","@id":"https:\/\/yorumambalaj.com\/index.php\/urun\/katlanabilir-bez-canta\/#primaryimage","url":"https:\/\/yorumambalaj.com\/wp-content\/uploads\/2022\/11\/katlanabilir-bez-canta.webp","contentUrl":"https:\/\/yorumambalaj.com\/wp-content\/uploads\/2022\/11\/katlanabilir-bez-canta.webp","width":2362,"height":1771,"caption":"katlanabilir-bez-canta Katlanabilir Bez \u00c7anta bir bez \u00e7antad\u0131r. Katlanabilir bez \u00e7antalar kategorisinde yer almaktad\u0131r. Yorum Ambalaj olarak bir\u00e7ok farkl\u0131 t\u00fcrde bez \u00e7anta imalat\u0131 yapmaktay\u0131z. Di\u011fer bez \u00e7anta modelleri ve tasar\u0131mlar\u0131 i\u00e7in web sitemize bakabilirsiniz."},{"@type":"BreadcrumbList","@id":"https:\/\/yorumambalaj.com\/index.php\/urun\/katlanabilir-bez-canta\/#breadcrumb","itemListElement":[{"@type":"ListItem","position":1,"name":"Anasayfa","item":"https:\/\/yorumambalaj.com\/"},{"@type":"ListItem","position":2,"name":"\u00dcr\u00fcnler","item":"https:\/\/yorumambalaj.com\/index.php\/urunler\/"},{"@type":"ListItem","position":3,"name":"Katlanabilir Bez \u00c7anta"}]},{"@type":"WebSite","@id":"https:\/\/yorumambalaj.com\/#website","url":"https:\/\/yorumambalaj.com\/","name":"Yorum Ambalaj","description":"","publisher":{"@id":"https:\/\/yorumambalaj.com\/#organization"},"potentialAction":[{"@type":"SearchAction","target":{"@type":"EntryPoint","urlTemplate":"https:\/\/yorumambalaj.com\/?s={search_term_string}"},"query-input":"required name=search_term_string"}],"inLanguage":"tr"},{"@type":"Organization","@id":"https:\/\/yorumambalaj.com\/#organization","name":"Yorum Ambalaj","url":"https:\/\/yorumambalaj.com\/","logo":{"@type":"ImageObject","inLanguage":"tr","@id":"https:\/\/yorumambalaj.com\/#\/schema\/logo\/image\/","url":"https:\/\/yorumambalaj.com\/wp-content\/uploads\/2022\/12\/logo-1001.png","contentUrl":"https:\/\/yorumambalaj.com\/wp-content\/uploads\/2022\/12\/logo-1001.png","width":1442,"height":710,"caption":"Yorum Ambalaj"},"image":{"@id":"https:\/\/yorumambalaj.com\/#\/schema\/logo\/image\/"}}]}},"_links":{"self":[{"href":"https:\/\/yorumambalaj.com\/index.php\/wp-json\/wp\/v2\/product\/4816"}],"collection":[{"href":"https:\/\/yorumambalaj.com\/index.php\/wp-json\/wp\/v2\/product"}],"about":[{"href":"https:\/\/yorumambalaj.com\/index.php\/wp-json\/wp\/v2\/types\/product"}],"replies":[{"embeddable":true,"href":"https:\/\/yorumambalaj.com\/index.php\/wp-json\/wp\/v2\/comments?post=4816"}],"wp:featuredmedia":[{"embeddable":true,"href":"https:\/\/yorumambalaj.com\/index.php\/wp-json\/wp\/v2\/media\/4817"}],"wp:attachment":[{"href":"https:\/\/yorumambalaj.com\/index.php\/wp-json\/wp\/v2\/media?parent=4816"}],"wp:term":[{"taxonomy":"product_cat","embeddable":true,"href":"https:\/\/yorumambalaj.com\/index.php\/wp-json\/wp\/v2\/product_cat?post=4816"},{"taxonomy":"product_tag","embeddable":true,"href":"https:\/\/yorumambalaj.com\/index.php\/wp-json\/wp\/v2\/product_tag?post=4816"}],"curies":[{"name":"wp","href":"https:\/\/api.w.org\/{rel}","templated":true}]}}