{"id":4068,"date":"2022-10-22T15:36:25","date_gmt":"2022-10-22T15:36:25","guid":{"rendered":"https:\/\/yorumambalaj.com\/?post_type=product&#038;p=4068"},"modified":"2022-11-15T11:22:49","modified_gmt":"2022-11-15T11:22:49","slug":"promosyon-bez-canta","status":"publish","type":"product","link":"https:\/\/yorumambalaj.com\/index.php\/urun\/promosyon-bez-canta\/","title":{"rendered":"Promosyon Bez \u00c7anta"},"content":{"rendered":"<h1>Promosyon Bez \u00c7anta<\/h1>\n<p><strong>Promosyon Bez \u00c7anta<\/strong> \u00e7antas\u0131 Ultrasonik Bez \u00c7anta kategorisinde yer almaktad\u0131r. Resimde g\u00f6r\u00fclen <strong>Promosyon Bez \u00c7anta<\/strong>\u00a0\u00e7antas\u0131 tela kuma\u015f\u0131ndan \u00fcretilmi\u015ftir. Ayr\u0131ca tela kuma\u015f\u0131 piyasada elyaf kuma\u015f veya nonwoven kuma\u015f olarak da bilinmektedir. Nonwoven kuma\u015f sayesinde \u00e7antalar\u0131m\u0131z %100 geri d\u00f6n\u00fc\u015f\u00fcml\u00fc ve \u00e7evreye duyarl\u0131d\u0131r. Do\u011faya zarar vermeyen anti bakteriyel \u00f6zelli\u011fe sahiptir.<\/p>\n<p>Yorum Ambalaj olarak bir\u00e7ok farkl\u0131 t\u00fcrde bez \u00e7anta imalat\u0131 yapmaktay\u0131z. Bez \u00e7anta modelleri i\u00e7in web sitemizdeki di\u011fer \u00fcr\u00fcnlere bakabilirsiniz. Ayr\u0131ca m\u00fc\u015fterilere \u00f6zel bez \u00e7anta tasar\u0131mlar\u0131 da yapmaktay\u0131z. Bez \u00e7anta dikimi firmam\u0131z dahilinde yap\u0131lmaktad\u0131r. Diledi\u011finiz kuma\u015f \u00e7anta modelleri i\u00e7in bizimle ileti\u015fime ge\u00e7meniz yeterlidir. \u00dcretici firma olmam\u0131z sayesinde bez \u00e7anta toptan sat\u0131\u015f\u0131 yapabilmekteyiz.<\/p>\n<p>Bez \u00e7antac\u0131 olarak 1996 y\u0131l\u0131ndan beri bez \u00e7anta, ka\u011f\u0131t \u00e7anta, bez kese, bez torba, hal\u0131 k\u0131l\u0131f\u0131, elbise k\u0131l\u0131f\u0131 ve \u00f6nl\u00fck gibi \u00e7e\u015fitli kategorilerde \u00fcretim yapan imalat\u00e7\u0131 bir firmay\u0131z. Bu nedenle alan\u0131nda yetkin kadromuz ile sizlerin beklentilerini en iyi \u015fekilde anl\u0131yoruz. Sizlere en iyi \u00e7\u00f6z\u00fcmleri \u00fcretiyoruz. T\u00fcm \u00fcr\u00fcnlerimize ula\u015fmak i\u00e7in l\u00fctfen \u201c<a href=\"https:\/\/yorumambalaj.com\/index.php\/urunler\/\">\u00dcr\u00fcnler<\/a>\u201c ifadesine t\u0131klay\u0131n. Firmam\u0131z b\u00fcnyesinde bir\u00e7ok bask\u0131 ve \u00fcretim y\u00f6ntemi kullan\u0131lmaktad\u0131r. Bunlardan baz\u0131lar\u0131 a\u015fa\u011f\u0131da g\u00f6sterilmektedir.<\/p>\n<p>Bask\u0131 T\u00fcrleri: Dijital, Emprime, Flekso, Flok, Frekans, Kabartma, Ofset, Serigrafi, Tambur, Transfer, Varak<\/p>\n<p>\u00dcretim T\u00fcrleri: Tekstil Diki\u015f, Ultrasonik Kaynak Diki\u015f, Frekans Diki\u015f<\/p>\n<h2><strong>Bez \u00c7antalar<\/strong><\/h2>\n<p>Bez \u00e7antalar\u0131 kalite ve g\u00fcvenilirlikleri sayesinde uzun y\u0131llar boyunca kullanabilirsiniz. Firman\u0131z\u0131n reklam\u0131n\u0131 yap\u0131p kendinizi tan\u0131tabilirsiniz. Konferans, seminer, forum, panel ve fuar gibi \u00e7e\u015fitli alanlarda promosyon amac\u0131yla kullanabilirsiniz.<\/p>\n<p>Sizleri ya\u015fanabilir bir do\u011fa i\u00e7in bez \u00e7anta kullanmaya davet ediyoruz.<\/p>\n","protected":false},"excerpt":{"rendered":"<p>&nbsp;<\/p>\n<p>En, boy, alt k\u00f6r\u00fck: 50x39x12 cm<\/p>\n<p>K\u0131sa sap: 16 cm<\/p>\n<p>Kuma\u015f \u00f6zellikleri: 65 gram beyaz tela (nonwoven) kuma\u015f<\/p>\n<p>\u00dcretim t\u00fcr\u00fc: Ultrasonik kaynak<\/p>\n<p>Bask\u0131 t\u00fcr\u00fc: \u00d6n + arka 2 renk serigrafi bask\u0131<\/p>\n<p>\u00d6zellikler iste\u011finiz \u00fczerine \u00f6zelle\u015ftirilebilir.<\/p>\n","protected":false},"featured_media":4485,"comment_status":"closed","ping_status":"closed","template":"","meta":[],"product_cat":[172,158,159],"product_tag":[],"yoast_head":"<!-- This site is optimized with the Yoast SEO plugin v23.0 - https:\/\/yoast.com\/wordpress\/plugins\/seo\/ -->\n<title>Promosyon Bez \u00c7anta - Yorum Ambalaj<\/title>\n<meta name=\"description\" content=\"Promosyon Bez \u00c7anta: Bez \u00c7antac\u0131| Bez \u00c7anta Toptan| Bez \u00c7anta \u0130malat\u0131| Bez \u00c7anta Modelleri| Kuma\u015f \u00c7anta Modelleri| Ucuz Bez \u00c7anta| Kanvas \u00c7antalar\" \/>\n<meta name=\"robots\" content=\"index, follow, max-snippet:-1, max-image-preview:large, max-video-preview:-1\" \/>\n<link rel=\"canonical\" href=\"https:\/\/yorumambalaj.com\/index.php\/urun\/promosyon-bez-canta\/\" \/>\n<meta property=\"og:locale\" content=\"tr_TR\" \/>\n<meta property=\"og:type\" content=\"article\" \/>\n<meta property=\"og:title\" content=\"Promosyon Bez \u00c7anta - Yorum Ambalaj\" \/>\n<meta property=\"og:description\" content=\"Promosyon Bez \u00c7anta: Bez \u00c7antac\u0131| Bez \u00c7anta Toptan| Bez \u00c7anta \u0130malat\u0131| Bez \u00c7anta Modelleri| Kuma\u015f \u00c7anta Modelleri| Ucuz Bez \u00c7anta| Kanvas \u00c7antalar\" \/>\n<meta property=\"og:url\" content=\"https:\/\/yorumambalaj.com\/index.php\/urun\/promosyon-bez-canta\/\" \/>\n<meta property=\"og:site_name\" content=\"Yorum Ambalaj\" \/>\n<meta property=\"article:modified_time\" content=\"2022-11-15T11:22:49+00:00\" \/>\n<meta property=\"og:image\" content=\"https:\/\/yorumambalaj.com\/wp-content\/uploads\/2022\/10\/promosyon-bez-canta.webp\" \/>\n\t<meta property=\"og:image:width\" content=\"2362\" \/>\n\t<meta property=\"og:image:height\" content=\"2362\" \/>\n\t<meta property=\"og:image:type\" content=\"image\/webp\" \/>\n<meta name=\"twitter:card\" content=\"summary_large_image\" \/>\n<meta name=\"twitter:label1\" content=\"Tahmini okuma s\u00fcresi\" \/>\n\t<meta name=\"twitter:data1\" content=\"2 dakika\" \/>\n<script type=\"application\/ld+json\" class=\"yoast-schema-graph\">{\"@context\":\"https:\/\/schema.org\",\"@graph\":[{\"@type\":\"WebPage\",\"@id\":\"https:\/\/yorumambalaj.com\/index.php\/urun\/promosyon-bez-canta\/\",\"url\":\"https:\/\/yorumambalaj.com\/index.php\/urun\/promosyon-bez-canta\/\",\"name\":\"Promosyon Bez \u00c7anta - Yorum Ambalaj\",\"isPartOf\":{\"@id\":\"https:\/\/yorumambalaj.com\/#website\"},\"primaryImageOfPage\":{\"@id\":\"https:\/\/yorumambalaj.com\/index.php\/urun\/promosyon-bez-canta\/#primaryimage\"},\"image\":{\"@id\":\"https:\/\/yorumambalaj.com\/index.php\/urun\/promosyon-bez-canta\/#primaryimage\"},\"thumbnailUrl\":\"https:\/\/yorumambalaj.com\/wp-content\/uploads\/2022\/10\/promosyon-bez-canta.webp\",\"datePublished\":\"2022-10-22T15:36:25+00:00\",\"dateModified\":\"2022-11-15T11:22:49+00:00\",\"description\":\"Promosyon Bez \u00c7anta: Bez \u00c7antac\u0131| Bez \u00c7anta Toptan| Bez \u00c7anta \u0130malat\u0131| Bez \u00c7anta Modelleri| Kuma\u015f \u00c7anta Modelleri| Ucuz Bez \u00c7anta| Kanvas \u00c7antalar\",\"breadcrumb\":{\"@id\":\"https:\/\/yorumambalaj.com\/index.php\/urun\/promosyon-bez-canta\/#breadcrumb\"},\"inLanguage\":\"tr\",\"potentialAction\":[{\"@type\":\"ReadAction\",\"target\":[\"https:\/\/yorumambalaj.com\/index.php\/urun\/promosyon-bez-canta\/\"]}]},{\"@type\":\"ImageObject\",\"inLanguage\":\"tr\",\"@id\":\"https:\/\/yorumambalaj.com\/index.php\/urun\/promosyon-bez-canta\/#primaryimage\",\"url\":\"https:\/\/yorumambalaj.com\/wp-content\/uploads\/2022\/10\/promosyon-bez-canta.webp\",\"contentUrl\":\"https:\/\/yorumambalaj.com\/wp-content\/uploads\/2022\/10\/promosyon-bez-canta.webp\",\"width\":2362,\"height\":2362,\"caption\":\"promosyon-bez-canta Promosyon bez \u00e7anta \u00e7antas\u0131 bir bez \u00e7antad\u0131r. Tela kuma\u015f\u0131ndan \u00fcretilmi\u015ftir. Yorum Ambalaj olarak bir\u00e7ok farkl\u0131 t\u00fcrde bez \u00e7anta imalat\u0131 yapmaktay\u0131z. Di\u011fer bez \u00e7anta modelleri ve tasar\u0131mlar\u0131 i\u00e7in web sitemize bakabilirsiniz.\"},{\"@type\":\"BreadcrumbList\",\"@id\":\"https:\/\/yorumambalaj.com\/index.php\/urun\/promosyon-bez-canta\/#breadcrumb\",\"itemListElement\":[{\"@type\":\"ListItem\",\"position\":1,\"name\":\"Anasayfa\",\"item\":\"https:\/\/yorumambalaj.com\/\"},{\"@type\":\"ListItem\",\"position\":2,\"name\":\"\u00dcr\u00fcnler\",\"item\":\"https:\/\/yorumambalaj.com\/index.php\/urunler\/\"},{\"@type\":\"ListItem\",\"position\":3,\"name\":\"Promosyon Bez \u00c7anta\"}]},{\"@type\":\"WebSite\",\"@id\":\"https:\/\/yorumambalaj.com\/#website\",\"url\":\"https:\/\/yorumambalaj.com\/\",\"name\":\"Yorum Ambalaj\",\"description\":\"\",\"publisher\":{\"@id\":\"https:\/\/yorumambalaj.com\/#organization\"},\"potentialAction\":[{\"@type\":\"SearchAction\",\"target\":{\"@type\":\"EntryPoint\",\"urlTemplate\":\"https:\/\/yorumambalaj.com\/?s={search_term_string}\"},\"query-input\":\"required name=search_term_string\"}],\"inLanguage\":\"tr\"},{\"@type\":\"Organization\",\"@id\":\"https:\/\/yorumambalaj.com\/#organization\",\"name\":\"Yorum Ambalaj\",\"url\":\"https:\/\/yorumambalaj.com\/\",\"logo\":{\"@type\":\"ImageObject\",\"inLanguage\":\"tr\",\"@id\":\"https:\/\/yorumambalaj.com\/#\/schema\/logo\/image\/\",\"url\":\"https:\/\/yorumambalaj.com\/wp-content\/uploads\/2022\/12\/logo-1001.png\",\"contentUrl\":\"https:\/\/yorumambalaj.com\/wp-content\/uploads\/2022\/12\/logo-1001.png\",\"width\":1442,\"height\":710,\"caption\":\"Yorum Ambalaj\"},\"image\":{\"@id\":\"https:\/\/yorumambalaj.com\/#\/schema\/logo\/image\/\"}}]}<\/script>\n<!-- \/ Yoast SEO plugin. -->","yoast_head_json":{"title":"Promosyon Bez \u00c7anta - Yorum Ambalaj","description":"Promosyon Bez \u00c7anta: Bez \u00c7antac\u0131| Bez \u00c7anta Toptan| Bez \u00c7anta \u0130malat\u0131| Bez \u00c7anta Modelleri| Kuma\u015f \u00c7anta Modelleri| Ucuz Bez \u00c7anta| Kanvas \u00c7antalar","robots":{"index":"index","follow":"follow","max-snippet":"max-snippet:-1","max-image-preview":"max-image-preview:large","max-video-preview":"max-video-preview:-1"},"canonical":"https:\/\/yorumambalaj.com\/index.php\/urun\/promosyon-bez-canta\/","og_locale":"tr_TR","og_type":"article","og_title":"Promosyon Bez \u00c7anta - Yorum Ambalaj","og_description":"Promosyon Bez \u00c7anta: Bez \u00c7antac\u0131| Bez \u00c7anta Toptan| Bez \u00c7anta \u0130malat\u0131| Bez \u00c7anta Modelleri| Kuma\u015f \u00c7anta Modelleri| Ucuz Bez \u00c7anta| Kanvas \u00c7antalar","og_url":"https:\/\/yorumambalaj.com\/index.php\/urun\/promosyon-bez-canta\/","og_site_name":"Yorum Ambalaj","article_modified_time":"2022-11-15T11:22:49+00:00","og_image":[{"width":2362,"height":2362,"url":"https:\/\/yorumambalaj.com\/wp-content\/uploads\/2022\/10\/promosyon-bez-canta.webp","type":"image\/webp"}],"twitter_card":"summary_large_image","twitter_misc":{"Tahmini okuma s\u00fcresi":"2 dakika"},"schema":{"@context":"https:\/\/schema.org","@graph":[{"@type":"WebPage","@id":"https:\/\/yorumambalaj.com\/index.php\/urun\/promosyon-bez-canta\/","url":"https:\/\/yorumambalaj.com\/index.php\/urun\/promosyon-bez-canta\/","name":"Promosyon Bez \u00c7anta - Yorum Ambalaj","isPartOf":{"@id":"https:\/\/yorumambalaj.com\/#website"},"primaryImageOfPage":{"@id":"https:\/\/yorumambalaj.com\/index.php\/urun\/promosyon-bez-canta\/#primaryimage"},"image":{"@id":"https:\/\/yorumambalaj.com\/index.php\/urun\/promosyon-bez-canta\/#primaryimage"},"thumbnailUrl":"https:\/\/yorumambalaj.com\/wp-content\/uploads\/2022\/10\/promosyon-bez-canta.webp","datePublished":"2022-10-22T15:36:25+00:00","dateModified":"2022-11-15T11:22:49+00:00","description":"Promosyon Bez \u00c7anta: Bez \u00c7antac\u0131| Bez \u00c7anta Toptan| Bez \u00c7anta \u0130malat\u0131| Bez \u00c7anta Modelleri| Kuma\u015f \u00c7anta Modelleri| Ucuz Bez \u00c7anta| Kanvas \u00c7antalar","breadcrumb":{"@id":"https:\/\/yorumambalaj.com\/index.php\/urun\/promosyon-bez-canta\/#breadcrumb"},"inLanguage":"tr","potentialAction":[{"@type":"ReadAction","target":["https:\/\/yorumambalaj.com\/index.php\/urun\/promosyon-bez-canta\/"]}]},{"@type":"ImageObject","inLanguage":"tr","@id":"https:\/\/yorumambalaj.com\/index.php\/urun\/promosyon-bez-canta\/#primaryimage","url":"https:\/\/yorumambalaj.com\/wp-content\/uploads\/2022\/10\/promosyon-bez-canta.webp","contentUrl":"https:\/\/yorumambalaj.com\/wp-content\/uploads\/2022\/10\/promosyon-bez-canta.webp","width":2362,"height":2362,"caption":"promosyon-bez-canta Promosyon bez \u00e7anta \u00e7antas\u0131 bir bez \u00e7antad\u0131r. Tela kuma\u015f\u0131ndan \u00fcretilmi\u015ftir. Yorum Ambalaj olarak bir\u00e7ok farkl\u0131 t\u00fcrde bez \u00e7anta imalat\u0131 yapmaktay\u0131z. Di\u011fer bez \u00e7anta modelleri ve tasar\u0131mlar\u0131 i\u00e7in web sitemize bakabilirsiniz."},{"@type":"BreadcrumbList","@id":"https:\/\/yorumambalaj.com\/index.php\/urun\/promosyon-bez-canta\/#breadcrumb","itemListElement":[{"@type":"ListItem","position":1,"name":"Anasayfa","item":"https:\/\/yorumambalaj.com\/"},{"@type":"ListItem","position":2,"name":"\u00dcr\u00fcnler","item":"https:\/\/yorumambalaj.com\/index.php\/urunler\/"},{"@type":"ListItem","position":3,"name":"Promosyon Bez \u00c7anta"}]},{"@type":"WebSite","@id":"https:\/\/yorumambalaj.com\/#website","url":"https:\/\/yorumambalaj.com\/","name":"Yorum Ambalaj","description":"","publisher":{"@id":"https:\/\/yorumambalaj.com\/#organization"},"potentialAction":[{"@type":"SearchAction","target":{"@type":"EntryPoint","urlTemplate":"https:\/\/yorumambalaj.com\/?s={search_term_string}"},"query-input":"required name=search_term_string"}],"inLanguage":"tr"},{"@type":"Organization","@id":"https:\/\/yorumambalaj.com\/#organization","name":"Yorum Ambalaj","url":"https:\/\/yorumambalaj.com\/","logo":{"@type":"ImageObject","inLanguage":"tr","@id":"https:\/\/yorumambalaj.com\/#\/schema\/logo\/image\/","url":"https:\/\/yorumambalaj.com\/wp-content\/uploads\/2022\/12\/logo-1001.png","contentUrl":"https:\/\/yorumambalaj.com\/wp-content\/uploads\/2022\/12\/logo-1001.png","width":1442,"height":710,"caption":"Yorum Ambalaj"},"image":{"@id":"https:\/\/yorumambalaj.com\/#\/schema\/logo\/image\/"}}]}},"_links":{"self":[{"href":"https:\/\/yorumambalaj.com\/index.php\/wp-json\/wp\/v2\/product\/4068"}],"collection":[{"href":"https:\/\/yorumambalaj.com\/index.php\/wp-json\/wp\/v2\/product"}],"about":[{"href":"https:\/\/yorumambalaj.com\/index.php\/wp-json\/wp\/v2\/types\/product"}],"replies":[{"embeddable":true,"href":"https:\/\/yorumambalaj.com\/index.php\/wp-json\/wp\/v2\/comments?post=4068"}],"wp:featuredmedia":[{"embeddable":true,"href":"https:\/\/yorumambalaj.com\/index.php\/wp-json\/wp\/v2\/media\/4485"}],"wp:attachment":[{"href":"https:\/\/yorumambalaj.com\/index.php\/wp-json\/wp\/v2\/media?parent=4068"}],"wp:term":[{"taxonomy":"product_cat","embeddable":true,"href":"https:\/\/yorumambalaj.com\/index.php\/wp-json\/wp\/v2\/product_cat?post=4068"},{"taxonomy":"product_tag","embeddable":true,"href":"https:\/\/yorumambalaj.com\/index.php\/wp-json\/wp\/v2\/product_tag?post=4068"}],"curies":[{"name":"wp","href":"https:\/\/api.w.org\/{rel}","templated":true}]}}