{"id":3284,"date":"2021-05-07T09:49:03","date_gmt":"2021-05-07T09:49:03","guid":{"rendered":"https:\/\/konte.uix.store\/?post_type=product&#038;p=3284"},"modified":"2022-11-29T14:40:24","modified_gmt":"2022-11-29T14:40:24","slug":"eczane-cantasi-istanbul-desenli","status":"publish","type":"product","link":"https:\/\/yorumambalaj.com\/index.php\/urun\/eczane-cantasi-istanbul-desenli\/","title":{"rendered":"Eczane \u00c7antas\u0131 \u0130stanbul Desenli"},"content":{"rendered":"<p><big>Ultrasonik Bez \u00c7antalar &#8211; Eczane \u00c7antas\u0131 \u0130stanbul Desenli<\/big><\/p>\n<p>Ultrasonik bez \u00e7antalar ultrasonik kaynak diki\u015fi ile nonwoven tela kuma\u015f\u0131ndan \u00fcretilen %100 geri d\u00f6n\u00fc\u015f\u00fcml\u00fc, do\u011fa dostu \u00e7antalard\u0131r.<\/p>\n<p>\u015eekilde g\u00f6r\u00fclen Eczane \u00c7antas\u0131 \u0130stanbul Desenli bir ultrasonik \u00e7antad\u0131r. Ultrasonik \u00e7anta ve torbalar\u0131n kalite ve g\u00fcvenilirli\u011fi sayesinde uzun y\u0131llar boyunca logolar\u0131n\u0131z\u0131 tan\u0131tabilir ve reklam\u0131n\u0131z\u0131 yapabilirsiniz. Konferans, seminer, forum, panel ve fuar gibi \u00e7e\u015fitli alanlarda promosyon amac\u0131yla kullanabilirsiniz.<\/p>\n<p>Yorum ambalaj olarak 1996 y\u0131l\u0131ndan itibaren bez \u00e7anta, ka\u011f\u0131t \u00e7anta, bez kese, ham bez, hal\u0131 k\u0131l\u0131f\u0131, elbise k\u0131l\u0131f\u0131 ve \u00f6nl\u00fck gibi \u00e7e\u015fitli kategorilerde \u00fcretim yapan imalat\u00e7\u0131 bir firmay\u0131z. Bu nedenle alan\u0131nda yetkin kadromuz ile sizlerin beklentilerini en iyi \u015fekilde anl\u0131yoruz. Sizlere en iyi \u00e7\u00f6z\u00fcmleri \u00fcretiyoruz. Ayr\u0131ca Etiket ve matbaa alanlar\u0131ndaki \u00fcr\u00fcnlerimiz ve \u00e7al\u0131\u015fmalar\u0131m\u0131z i\u00e7in di\u011fer \u015firketimizin internet sayfas\u0131 olan<a href=\"http:\/\/www.yorumetiket.com\/\"> www.yorumetiket.com<\/a>\u00a0adresini ziyaret edebilirsiniz.<\/p>\n<p>Firmam\u0131z b\u00fcnyesinde bir\u00e7ok bask\u0131 ve \u00fcretim y\u00f6ntemi kullan\u0131lmaktad\u0131r. Baz\u0131lar\u0131 a\u015fa\u011f\u0131da g\u00f6sterilmektedir.<\/p>\n<p>Bask\u0131 T\u00fcrleri: Dijital, Emprime, Flekso, Flok, Frekans, Kabartma, Ofset, Serigrafi, Tambur, Transfer, Varak<\/p>\n<p>\u00dcretim T\u00fcrleri: Tekstil Diki\u015fli, Ultrasonik Kaynak Diki\u015fli<\/p>\n<p>Siz de do\u011fay\u0131 korumak istiyorsan\u0131z bez \u00e7anta kullanmak iyi bir ad\u0131m olacakt\u0131r.<\/p>\n<p>Her ge\u00e7en g\u00fcn do\u011fan\u0131n \u00f6nemini daha fazla anlamaktay\u0131z. Ya\u015fanabilir bir gezegen aramaktan daha \u00e7ok ya\u015fad\u0131\u011f\u0131m\u0131z D\u00fcnya&#8217;ya daha fazla de\u011fer vermeliyiz. Gelecek nesillere daha temiz, daha ye\u015fil bir \u00e7evre b\u0131rakmal\u0131y\u0131z.<\/p>\n<p>Bu nedenle kulland\u0131\u011f\u0131m\u0131z \u00fcr\u00fcnlerin olabildi\u011fince \u00e7evre dostu olmas\u0131na \u00f6zen g\u00f6stermeliyiz. Bez \u00e7antalar bu konuda \u00f6nemli avantajlara sahiptir. \u00d6rne\u011fin geri d\u00f6n\u00fc\u015ft\u00fcr\u00fclebilirlerdir. Ayr\u0131ca anti bakteriyel \u00f6zelli\u011fe sahiptirler. Kanserojen madde \u00fcretmedikleri i\u00e7in son y\u0131llarda bez \u00e7anta kullan\u0131m\u0131 bir\u00e7ok \u00fclkede yayg\u0131nla\u015fm\u0131\u015ft\u0131r.<\/p>\n<p>Bir di\u011fer \u00f6nemli \u00f6zellik ise bez \u00e7antalar bir\u00e7ok defa kullan\u0131labilirler. Tek kullan\u0131ml\u0131k \u00e7antalara g\u00f6re daha temiz, daha tasarruflu ve daha \u00e7evre dostudurlar. Bu nedenle YORUM AMBALAJ olarak t\u00fcm firmalar\u0131m\u0131z\u0131 bez \u00e7anta kullan\u0131m\u0131na davet ediyoruz.<\/p>\n<p>Ayr\u0131ca Eczane \u00c7antalar\u0131, Plaj \u00c7antalar\u0131, Promosyon \u00c7antalar\u0131, Fuar \u00c7antalar\u0131, Ma\u011faza \u00c7antalar\u0131, Market \u00c7antalar\u0131, Pastane \u00c7antalar\u0131, Elbise K\u0131l\u0131flar\u0131 ve Promosyon \u00d6nl\u00fck gibi di\u011fer kategorileri de ziyaret edebilirsiniz. T\u00fcm \u00fcr\u00fcnlere ula\u015fmak i\u00e7in <a href=\"https:\/\/yorumambalaj.com\/index.php\/urunler\/\">&#8220;<em>\u00dcr\u00fcnler<\/em>&#8220;<\/a> ifadesine t\u0131klay\u0131n.<\/p>\n","protected":false},"excerpt":{"rendered":"<p>\u0130stanbul Desenli Eczane \u00c7antas\u0131, nonwoven kuma\u015f ile ultrasonik kaynak diki\u015fi kullan\u0131larak \u00fcretilmi\u015f geri d\u00f6n\u00fc\u015ft\u00fcr\u00fclebilir \u00e7evre dostu \u00e7antad\u0131r.<\/p>\n<p>\u0130stanbul sil\u00fcetli sapl\u0131 bez torba<\/p>\n<p>\u00d6l\u00e7\u00fcler iste\u011finiz \u00fczerine \u00f6zelle\u015ftirilebilir.<\/p>\n<p>G\u00f6rselin \u00f6l\u00e7\u00fcleri (en,boy,k\u00f6r\u00fck): 42x33x6 cm<\/p>\n","protected":false},"featured_media":4677,"comment_status":"closed","ping_status":"closed","template":"","meta":[],"product_cat":[157],"product_tag":[],"yoast_head":"<!-- This site is optimized with the Yoast SEO plugin v23.0 - https:\/\/yoast.com\/wordpress\/plugins\/seo\/ -->\n<title>Eczane \u00c7antas\u0131 \u0130stanbul Desenli - Yorum Ambalaj<\/title>\n<meta name=\"description\" content=\"Eczane \u00c7antas\u0131 2 | Bez \u00c7antalar | Ultrasonik Bez \u00c7antalar | Promosyon \u00c7antalar | Fuar \u00c7antalar\u0131 | Bez Torba ve Keseler | Ham Bezler...\" \/>\n<meta name=\"robots\" content=\"index, follow, max-snippet:-1, max-image-preview:large, max-video-preview:-1\" \/>\n<link rel=\"canonical\" href=\"https:\/\/yorumambalaj.com\/index.php\/urun\/eczane-cantasi-istanbul-desenli\/\" \/>\n<meta property=\"og:locale\" content=\"tr_TR\" \/>\n<meta property=\"og:type\" content=\"article\" \/>\n<meta property=\"og:title\" content=\"Eczane \u00c7antas\u0131 \u0130stanbul Desenli - Yorum Ambalaj\" \/>\n<meta property=\"og:description\" content=\"Eczane \u00c7antas\u0131 2 | Bez \u00c7antalar | Ultrasonik Bez \u00c7antalar | Promosyon \u00c7antalar | Fuar \u00c7antalar\u0131 | Bez Torba ve Keseler | Ham Bezler...\" \/>\n<meta property=\"og:url\" content=\"https:\/\/yorumambalaj.com\/index.php\/urun\/eczane-cantasi-istanbul-desenli\/\" \/>\n<meta property=\"og:site_name\" content=\"Yorum Ambalaj\" \/>\n<meta property=\"article:modified_time\" content=\"2022-11-29T14:40:24+00:00\" \/>\n<meta property=\"og:image\" content=\"https:\/\/yorumambalaj.com\/wp-content\/uploads\/2021\/05\/istanbul_desenli_eczane_cantasi.webp\" \/>\n\t<meta property=\"og:image:width\" content=\"1400\" \/>\n\t<meta property=\"og:image:height\" content=\"1600\" \/>\n\t<meta property=\"og:image:type\" content=\"image\/webp\" \/>\n<meta name=\"twitter:card\" content=\"summary_large_image\" \/>\n<meta name=\"twitter:label1\" content=\"Tahmini okuma s\u00fcresi\" \/>\n\t<meta name=\"twitter:data1\" content=\"2 dakika\" \/>\n<script type=\"application\/ld+json\" class=\"yoast-schema-graph\">{\"@context\":\"https:\/\/schema.org\",\"@graph\":[{\"@type\":\"WebPage\",\"@id\":\"https:\/\/yorumambalaj.com\/index.php\/urun\/eczane-cantasi-istanbul-desenli\/\",\"url\":\"https:\/\/yorumambalaj.com\/index.php\/urun\/eczane-cantasi-istanbul-desenli\/\",\"name\":\"Eczane \u00c7antas\u0131 \u0130stanbul Desenli - Yorum Ambalaj\",\"isPartOf\":{\"@id\":\"https:\/\/yorumambalaj.com\/#website\"},\"primaryImageOfPage\":{\"@id\":\"https:\/\/yorumambalaj.com\/index.php\/urun\/eczane-cantasi-istanbul-desenli\/#primaryimage\"},\"image\":{\"@id\":\"https:\/\/yorumambalaj.com\/index.php\/urun\/eczane-cantasi-istanbul-desenli\/#primaryimage\"},\"thumbnailUrl\":\"https:\/\/yorumambalaj.com\/wp-content\/uploads\/2021\/05\/istanbul_desenli_eczane_cantasi.webp\",\"datePublished\":\"2021-05-07T09:49:03+00:00\",\"dateModified\":\"2022-11-29T14:40:24+00:00\",\"description\":\"Eczane \u00c7antas\u0131 2 | Bez \u00c7antalar | Ultrasonik Bez \u00c7antalar | Promosyon \u00c7antalar | Fuar \u00c7antalar\u0131 | Bez Torba ve Keseler | Ham Bezler...\",\"breadcrumb\":{\"@id\":\"https:\/\/yorumambalaj.com\/index.php\/urun\/eczane-cantasi-istanbul-desenli\/#breadcrumb\"},\"inLanguage\":\"tr\",\"potentialAction\":[{\"@type\":\"ReadAction\",\"target\":[\"https:\/\/yorumambalaj.com\/index.php\/urun\/eczane-cantasi-istanbul-desenli\/\"]}]},{\"@type\":\"ImageObject\",\"inLanguage\":\"tr\",\"@id\":\"https:\/\/yorumambalaj.com\/index.php\/urun\/eczane-cantasi-istanbul-desenli\/#primaryimage\",\"url\":\"https:\/\/yorumambalaj.com\/wp-content\/uploads\/2021\/05\/istanbul_desenli_eczane_cantasi.webp\",\"contentUrl\":\"https:\/\/yorumambalaj.com\/wp-content\/uploads\/2021\/05\/istanbul_desenli_eczane_cantasi.webp\",\"width\":1400,\"height\":1600,\"caption\":\"Bez_canta, canta, bez_cantasi, bez_cantalari, ultrasonik_canta, ultrasonik_cantalar, ultrasonik_bez_canta, ultrasonik_bez_cantalari, optik_canta, optik_cantasi, optik_cantalari, optik_bez_canta, optik_bez_cantasi, optik_bez_cantalari, fuar_cantasi, fuar_canta, fuar_cantalari, fuar_bez_canta, fuar_bez_cantasi, fuar_bez_cantalari, promosyon_canta, promosyon_cantalari, promosyon_cantasi, promosyon_bez_canta, promosyon_bez_cantasi, promosyon_bez_cantalari, tela_canta, tela_cantasi, tela_cantalari, tela_bez_canta, tela_bez_cantasi, tela_bez_cantalari, nonwoven_canta, nonwoven_cantasi, nonwoven_cantalari, nonwoven_tela_canta, nonwoven_tela_cantasi, nonwoven_tela_cantalari, nonwoven_bez_canta, nonwoven_bez_cantasi, nonwoven_bez_cantalari, doga_dostu_canta, doga_dostu_cantasi, doga_dostu_cantalari, doga_dostu_bez_canta, doga_dostu_bez_cantasi, doga_dostu_bez_cantalari, bez_torba, bez_torbasi, bez_torbalari, magaza_canta, magaza_cantasi, magaza_cantalari, magaza_bez_canta, magaza_bez_cantasi, magaza_bez_cantalari, market_canta, market_cantasi, market_cantalari, eczane_canta, eczane_cantasi, eczane_cantalari, market_bez_canta, market_bez_cantasi, market_bez_cantalari, eczane_bez_canta, eczane_bez_cantasi, eczane_bez_cantalari, ultrasonik_torba, ultrasonik_torbasi, ultrasonik_torbalari, ultrasonik_bez_torba, ultrasonik_bez_torbasi, ultrasonik_bez_torbalari, optik_torba, optik_torbasi, optik_torbalari, optik_bez_torba, optik_bez_torbasi, optik_bez_torbalari, fuar_torba, fuar_torbasi, fuar_torbalari, fuar_bez_torba, fuar_bez_torbasi, fuar_bez_torbalari, promosyon_torba, promosyon_torbasi, promosyon_torbalari, promosyon_bez_torba, promosyon_bez_torbasi, promosyon_bez_torbalari, tela_torba, tela_torbasi, tela_torbalari, tela_bez_torba, tela_bez_torbasi, tela_bez_torbalari, nonwoven_torba, nonwoven_torbasi, nonwoven_torbalari, nonwoven_bez_torba, nonwoven_bez_torbasi, nonwoven_bez_torbalari, doga_dostu_torba, doga_dostu_torbalar, doga_dostu_bez_torba, doga_dostu_bez_torbalar, doga_dostu_bez_torbalari, magaza_torba, magaza_torbasi, magaza_torbalari, magaza_bez_torba, magaza_bez_torbasi, magaza_bez_torbalari, market_torba, market_torbasi, market_torbalari, market_bez_torba, market_bez_torbasi, market_bez_torbalari, eczane_torba, eczane_torbasi, eczane_torbalari, eczane_bez_torba, eczane_bez_torbasi, eczane_bez_torbalari\"},{\"@type\":\"BreadcrumbList\",\"@id\":\"https:\/\/yorumambalaj.com\/index.php\/urun\/eczane-cantasi-istanbul-desenli\/#breadcrumb\",\"itemListElement\":[{\"@type\":\"ListItem\",\"position\":1,\"name\":\"Anasayfa\",\"item\":\"https:\/\/yorumambalaj.com\/\"},{\"@type\":\"ListItem\",\"position\":2,\"name\":\"\u00dcr\u00fcnler\",\"item\":\"https:\/\/yorumambalaj.com\/index.php\/urunler\/\"},{\"@type\":\"ListItem\",\"position\":3,\"name\":\"Eczane \u00c7antas\u0131 \u0130stanbul Desenli\"}]},{\"@type\":\"WebSite\",\"@id\":\"https:\/\/yorumambalaj.com\/#website\",\"url\":\"https:\/\/yorumambalaj.com\/\",\"name\":\"Yorum Ambalaj\",\"description\":\"\",\"publisher\":{\"@id\":\"https:\/\/yorumambalaj.com\/#organization\"},\"potentialAction\":[{\"@type\":\"SearchAction\",\"target\":{\"@type\":\"EntryPoint\",\"urlTemplate\":\"https:\/\/yorumambalaj.com\/?s={search_term_string}\"},\"query-input\":\"required name=search_term_string\"}],\"inLanguage\":\"tr\"},{\"@type\":\"Organization\",\"@id\":\"https:\/\/yorumambalaj.com\/#organization\",\"name\":\"Yorum Ambalaj\",\"url\":\"https:\/\/yorumambalaj.com\/\",\"logo\":{\"@type\":\"ImageObject\",\"inLanguage\":\"tr\",\"@id\":\"https:\/\/yorumambalaj.com\/#\/schema\/logo\/image\/\",\"url\":\"https:\/\/yorumambalaj.com\/wp-content\/uploads\/2022\/12\/logo-1001.png\",\"contentUrl\":\"https:\/\/yorumambalaj.com\/wp-content\/uploads\/2022\/12\/logo-1001.png\",\"width\":1442,\"height\":710,\"caption\":\"Yorum Ambalaj\"},\"image\":{\"@id\":\"https:\/\/yorumambalaj.com\/#\/schema\/logo\/image\/\"}}]}<\/script>\n<!-- \/ Yoast SEO plugin. -->","yoast_head_json":{"title":"Eczane \u00c7antas\u0131 \u0130stanbul Desenli - Yorum Ambalaj","description":"Eczane \u00c7antas\u0131 2 | Bez \u00c7antalar | Ultrasonik Bez \u00c7antalar | Promosyon \u00c7antalar | Fuar \u00c7antalar\u0131 | Bez Torba ve Keseler | Ham Bezler...","robots":{"index":"index","follow":"follow","max-snippet":"max-snippet:-1","max-image-preview":"max-image-preview:large","max-video-preview":"max-video-preview:-1"},"canonical":"https:\/\/yorumambalaj.com\/index.php\/urun\/eczane-cantasi-istanbul-desenli\/","og_locale":"tr_TR","og_type":"article","og_title":"Eczane \u00c7antas\u0131 \u0130stanbul Desenli - Yorum Ambalaj","og_description":"Eczane \u00c7antas\u0131 2 | Bez \u00c7antalar | Ultrasonik Bez \u00c7antalar | Promosyon \u00c7antalar | Fuar \u00c7antalar\u0131 | Bez Torba ve Keseler | Ham Bezler...","og_url":"https:\/\/yorumambalaj.com\/index.php\/urun\/eczane-cantasi-istanbul-desenli\/","og_site_name":"Yorum Ambalaj","article_modified_time":"2022-11-29T14:40:24+00:00","og_image":[{"width":1400,"height":1600,"url":"https:\/\/yorumambalaj.com\/wp-content\/uploads\/2021\/05\/istanbul_desenli_eczane_cantasi.webp","type":"image\/webp"}],"twitter_card":"summary_large_image","twitter_misc":{"Tahmini okuma s\u00fcresi":"2 dakika"},"schema":{"@context":"https:\/\/schema.org","@graph":[{"@type":"WebPage","@id":"https:\/\/yorumambalaj.com\/index.php\/urun\/eczane-cantasi-istanbul-desenli\/","url":"https:\/\/yorumambalaj.com\/index.php\/urun\/eczane-cantasi-istanbul-desenli\/","name":"Eczane \u00c7antas\u0131 \u0130stanbul Desenli - Yorum Ambalaj","isPartOf":{"@id":"https:\/\/yorumambalaj.com\/#website"},"primaryImageOfPage":{"@id":"https:\/\/yorumambalaj.com\/index.php\/urun\/eczane-cantasi-istanbul-desenli\/#primaryimage"},"image":{"@id":"https:\/\/yorumambalaj.com\/index.php\/urun\/eczane-cantasi-istanbul-desenli\/#primaryimage"},"thumbnailUrl":"https:\/\/yorumambalaj.com\/wp-content\/uploads\/2021\/05\/istanbul_desenli_eczane_cantasi.webp","datePublished":"2021-05-07T09:49:03+00:00","dateModified":"2022-11-29T14:40:24+00:00","description":"Eczane \u00c7antas\u0131 2 | Bez \u00c7antalar | Ultrasonik Bez \u00c7antalar | Promosyon \u00c7antalar | Fuar \u00c7antalar\u0131 | Bez Torba ve Keseler | Ham Bezler...","breadcrumb":{"@id":"https:\/\/yorumambalaj.com\/index.php\/urun\/eczane-cantasi-istanbul-desenli\/#breadcrumb"},"inLanguage":"tr","potentialAction":[{"@type":"ReadAction","target":["https:\/\/yorumambalaj.com\/index.php\/urun\/eczane-cantasi-istanbul-desenli\/"]}]},{"@type":"ImageObject","inLanguage":"tr","@id":"https:\/\/yorumambalaj.com\/index.php\/urun\/eczane-cantasi-istanbul-desenli\/#primaryimage","url":"https:\/\/yorumambalaj.com\/wp-content\/uploads\/2021\/05\/istanbul_desenli_eczane_cantasi.webp","contentUrl":"https:\/\/yorumambalaj.com\/wp-content\/uploads\/2021\/05\/istanbul_desenli_eczane_cantasi.webp","width":1400,"height":1600,"caption":"Bez_canta, canta, bez_cantasi, bez_cantalari, ultrasonik_canta, ultrasonik_cantalar, ultrasonik_bez_canta, ultrasonik_bez_cantalari, optik_canta, optik_cantasi, optik_cantalari, optik_bez_canta, optik_bez_cantasi, optik_bez_cantalari, fuar_cantasi, fuar_canta, fuar_cantalari, fuar_bez_canta, fuar_bez_cantasi, fuar_bez_cantalari, promosyon_canta, promosyon_cantalari, promosyon_cantasi, promosyon_bez_canta, promosyon_bez_cantasi, promosyon_bez_cantalari, tela_canta, tela_cantasi, tela_cantalari, tela_bez_canta, tela_bez_cantasi, tela_bez_cantalari, nonwoven_canta, nonwoven_cantasi, nonwoven_cantalari, nonwoven_tela_canta, nonwoven_tela_cantasi, nonwoven_tela_cantalari, nonwoven_bez_canta, nonwoven_bez_cantasi, nonwoven_bez_cantalari, doga_dostu_canta, doga_dostu_cantasi, doga_dostu_cantalari, doga_dostu_bez_canta, doga_dostu_bez_cantasi, doga_dostu_bez_cantalari, bez_torba, bez_torbasi, bez_torbalari, magaza_canta, magaza_cantasi, magaza_cantalari, magaza_bez_canta, magaza_bez_cantasi, magaza_bez_cantalari, market_canta, market_cantasi, market_cantalari, eczane_canta, eczane_cantasi, eczane_cantalari, market_bez_canta, market_bez_cantasi, market_bez_cantalari, eczane_bez_canta, eczane_bez_cantasi, eczane_bez_cantalari, ultrasonik_torba, ultrasonik_torbasi, ultrasonik_torbalari, ultrasonik_bez_torba, ultrasonik_bez_torbasi, ultrasonik_bez_torbalari, optik_torba, optik_torbasi, optik_torbalari, optik_bez_torba, optik_bez_torbasi, optik_bez_torbalari, fuar_torba, fuar_torbasi, fuar_torbalari, fuar_bez_torba, fuar_bez_torbasi, fuar_bez_torbalari, promosyon_torba, promosyon_torbasi, promosyon_torbalari, promosyon_bez_torba, promosyon_bez_torbasi, promosyon_bez_torbalari, tela_torba, tela_torbasi, tela_torbalari, tela_bez_torba, tela_bez_torbasi, tela_bez_torbalari, nonwoven_torba, nonwoven_torbasi, nonwoven_torbalari, nonwoven_bez_torba, nonwoven_bez_torbasi, nonwoven_bez_torbalari, doga_dostu_torba, doga_dostu_torbalar, doga_dostu_bez_torba, doga_dostu_bez_torbalar, doga_dostu_bez_torbalari, magaza_torba, magaza_torbasi, magaza_torbalari, magaza_bez_torba, magaza_bez_torbasi, magaza_bez_torbalari, market_torba, market_torbasi, market_torbalari, market_bez_torba, market_bez_torbasi, market_bez_torbalari, eczane_torba, eczane_torbasi, eczane_torbalari, eczane_bez_torba, eczane_bez_torbasi, eczane_bez_torbalari"},{"@type":"BreadcrumbList","@id":"https:\/\/yorumambalaj.com\/index.php\/urun\/eczane-cantasi-istanbul-desenli\/#breadcrumb","itemListElement":[{"@type":"ListItem","position":1,"name":"Anasayfa","item":"https:\/\/yorumambalaj.com\/"},{"@type":"ListItem","position":2,"name":"\u00dcr\u00fcnler","item":"https:\/\/yorumambalaj.com\/index.php\/urunler\/"},{"@type":"ListItem","position":3,"name":"Eczane \u00c7antas\u0131 \u0130stanbul Desenli"}]},{"@type":"WebSite","@id":"https:\/\/yorumambalaj.com\/#website","url":"https:\/\/yorumambalaj.com\/","name":"Yorum Ambalaj","description":"","publisher":{"@id":"https:\/\/yorumambalaj.com\/#organization"},"potentialAction":[{"@type":"SearchAction","target":{"@type":"EntryPoint","urlTemplate":"https:\/\/yorumambalaj.com\/?s={search_term_string}"},"query-input":"required name=search_term_string"}],"inLanguage":"tr"},{"@type":"Organization","@id":"https:\/\/yorumambalaj.com\/#organization","name":"Yorum Ambalaj","url":"https:\/\/yorumambalaj.com\/","logo":{"@type":"ImageObject","inLanguage":"tr","@id":"https:\/\/yorumambalaj.com\/#\/schema\/logo\/image\/","url":"https:\/\/yorumambalaj.com\/wp-content\/uploads\/2022\/12\/logo-1001.png","contentUrl":"https:\/\/yorumambalaj.com\/wp-content\/uploads\/2022\/12\/logo-1001.png","width":1442,"height":710,"caption":"Yorum Ambalaj"},"image":{"@id":"https:\/\/yorumambalaj.com\/#\/schema\/logo\/image\/"}}]}},"_links":{"self":[{"href":"https:\/\/yorumambalaj.com\/index.php\/wp-json\/wp\/v2\/product\/3284"}],"collection":[{"href":"https:\/\/yorumambalaj.com\/index.php\/wp-json\/wp\/v2\/product"}],"about":[{"href":"https:\/\/yorumambalaj.com\/index.php\/wp-json\/wp\/v2\/types\/product"}],"replies":[{"embeddable":true,"href":"https:\/\/yorumambalaj.com\/index.php\/wp-json\/wp\/v2\/comments?post=3284"}],"wp:featuredmedia":[{"embeddable":true,"href":"https:\/\/yorumambalaj.com\/index.php\/wp-json\/wp\/v2\/media\/4677"}],"wp:attachment":[{"href":"https:\/\/yorumambalaj.com\/index.php\/wp-json\/wp\/v2\/media?parent=3284"}],"wp:term":[{"taxonomy":"product_cat","embeddable":true,"href":"https:\/\/yorumambalaj.com\/index.php\/wp-json\/wp\/v2\/product_cat?post=3284"},{"taxonomy":"product_tag","embeddable":true,"href":"https:\/\/yorumambalaj.com\/index.php\/wp-json\/wp\/v2\/product_tag?post=3284"}],"curies":[{"name":"wp","href":"https:\/\/api.w.org\/{rel}","templated":true}]}}