{"id":215,"date":"2022-11-18T13:11:49","date_gmt":"2022-11-18T13:11:49","guid":{"rendered":"http:\/\/konte.uix.store\/elementor\/?page_id=215"},"modified":"2022-11-18T13:11:52","modified_gmt":"2022-11-18T13:11:52","slug":"sikca-sorulan-sorular","status":"publish","type":"page","link":"https:\/\/yorumambalaj.com\/index.php\/sikca-sorulan-sorular\/","title":{"rendered":"S\u0131k\u00e7a Sorulan Sorular"},"content":{"rendered":"\t\t<div data-elementor-type=\"wp-page\" data-elementor-id=\"215\" class=\"elementor elementor-215\">\n\t\t\t\t\t\t<section class=\"elementor-section elementor-top-section elementor-element elementor-element-af270c2 elementor-section-boxed elementor-section-height-default elementor-section-height-default\" data-id=\"af270c2\" data-element_type=\"section\">\n\t\t\t\t\t\t<div class=\"elementor-container elementor-column-gap-no\">\n\t\t\t\t\t<div class=\"elementor-column elementor-col-50 elementor-top-column elementor-element elementor-element-6b36f16\" data-id=\"6b36f16\" data-element_type=\"column\">\n\t\t\t<div class=\"elementor-widget-wrap elementor-element-populated\">\n\t\t\t\t\t\t<div class=\"elementor-element elementor-element-30f7037 elementor-widget elementor-widget-konte-separator-dash\" data-id=\"30f7037\" data-element_type=\"widget\" data-widget_type=\"konte-separator-dash.default\">\n\t\t\t\t<div class=\"elementor-widget-container\">\n\t\t\t\t\t<span class=\"konte-dash konte-dash--elementor\">\n\t\t\t<span class=\"konte-dash__line\"><\/span>\n\t\t\t\t\t<\/span>\n\t\t\t\t<\/div>\n\t\t\t\t<\/div>\n\t\t\t\t\t<\/div>\n\t\t<\/div>\n\t\t\t\t<div class=\"elementor-column elementor-col-50 elementor-top-column elementor-element elementor-element-e0f6724\" data-id=\"e0f6724\" data-element_type=\"column\">\n\t\t\t<div class=\"elementor-widget-wrap elementor-element-populated\">\n\t\t\t\t\t\t<div class=\"elementor-element elementor-element-55ae9d0 elementor-widget elementor-widget-konte-heading\" data-id=\"55ae9d0\" data-element_type=\"widget\" data-widget_type=\"konte-heading.default\">\n\t\t\t\t<div class=\"elementor-widget-container\">\n\t\t\t<h2 class=\"konte-heading-title konte-heading-title--default\">Genel<\/h2>\t\t<\/div>\n\t\t\t\t<\/div>\n\t\t\t\t<div class=\"elementor-element elementor-element-98040ff elementor-widget elementor-widget-konte-accordion\" data-id=\"98040ff\" data-element_type=\"widget\" data-widget_type=\"konte-accordion.default\">\n\t\t\t\t<div class=\"elementor-widget-container\">\n\t\t\t\t\t<div class=\"konte-accordion\" role=\"tablist\">\n\t\t\t\t\t\t\t<div class=\"konte-accordion__item\">\n\t\t\t\t\t<div id=\"konte-tab-title-1591\" class=\"konte-accordion__title\" data-tab=\"1\" role=\"tab\" aria-controls=\"konte-tab-content-1591\">\n\t\t\t\t\t\t<span class=\"konte-accordion__icon konte-accordion__icon--default\" aria-hidden=\"true\"><\/span>\n\n\t\t\t\t\t\t<a class=\"konte-accordion__title-text\" href=\"#konte-tab-content-1591\">Sizinle ileti\u015fime nas\u0131l ge\u00e7ebilirim ?<\/a>\n\t\t\t\t\t<\/div>\n\t\t\t\t\t<div id=\"konte-tab-content-1591\" class=\"konte-accordion__content clearfix\" data-tab=\"1\" role=\"tabpanel\" aria-labelledby=\"konte-tab-title-1591\"><p>Bizimle ileti\u015fime ge\u00e7mek i\u00e7in ileti\u015fim sayfas\u0131ndaki ileti\u015fim formunu doldurup bize g\u00f6nderebilirsiniz. Ayr\u0131ca 0212 565 55 99 veya 0539 216 82 17 numaralar\u0131ndan bize ula\u015fabilir veya <a class=\"konte-info-list__email-link\" href=\"mailto:info@yorumambalaj.com\">info@yorumambalaj.com<\/a> eposta adresine mail atabilirsiniz<\/p><\/div>\n\t\t\t\t<\/div>\n\t\t\t\t\t\t\t<div class=\"konte-accordion__item\">\n\t\t\t\t\t<div id=\"konte-tab-title-1592\" class=\"konte-accordion__title\" data-tab=\"2\" role=\"tab\" aria-controls=\"konte-tab-content-1592\">\n\t\t\t\t\t\t<span class=\"konte-accordion__icon konte-accordion__icon--default\" aria-hidden=\"true\"><\/span>\n\n\t\t\t\t\t\t<a class=\"konte-accordion__title-text\" href=\"#konte-tab-content-1592\">Hangi \u00fcretim y\u00f6ntemleri kullan\u0131lmaktad\u0131r ?<\/a>\n\t\t\t\t\t<\/div>\n\t\t\t\t\t<div id=\"konte-tab-content-1592\" class=\"konte-accordion__content clearfix\" data-tab=\"2\" role=\"tabpanel\" aria-labelledby=\"konte-tab-title-1592\"><p>Bez \u00e7antalar veya ham bezler i\u00e7in hem ultrasonik kaynak diki\u015fli hem de tekstil diki\u015fli \u00fcretim y\u00f6ntemlerimiz mevcuttur. Ka\u011f\u0131t \u00e7antalar i\u00e7in frekans yap\u0131\u015ft\u0131rma ve tutkal yap\u0131\u015ft\u0131rma y\u00f6ntemleri kullan\u0131lmaktad\u0131r.<\/p><\/div>\n\t\t\t\t<\/div>\n\t\t\t\t\t\t\t<div class=\"konte-accordion__item\">\n\t\t\t\t\t<div id=\"konte-tab-title-1593\" class=\"konte-accordion__title\" data-tab=\"3\" role=\"tab\" aria-controls=\"konte-tab-content-1593\">\n\t\t\t\t\t\t<span class=\"konte-accordion__icon konte-accordion__icon--default\" aria-hidden=\"true\"><\/span>\n\n\t\t\t\t\t\t<a class=\"konte-accordion__title-text\" href=\"#konte-tab-content-1593\">Bask\u0131 t\u00fcrleri nelerdir ?<\/a>\n\t\t\t\t\t<\/div>\n\t\t\t\t\t<div id=\"konte-tab-content-1593\" class=\"konte-accordion__content clearfix\" data-tab=\"3\" role=\"tabpanel\" aria-labelledby=\"konte-tab-title-1593\"><p>Dijital, Emprime, Flekso, Flok, Frekans, Kabartma, Ofset, Serigrafi, Tambur, Transfer, Varak gibi pek \u00e7ok bask\u0131 yapabilmekteyiz.<\/p><\/div>\n\t\t\t\t<\/div>\n\t\t\t\t\t\t\t<div class=\"konte-accordion__item\">\n\t\t\t\t\t<div id=\"konte-tab-title-1594\" class=\"konte-accordion__title\" data-tab=\"4\" role=\"tab\" aria-controls=\"konte-tab-content-1594\">\n\t\t\t\t\t\t<span class=\"konte-accordion__icon konte-accordion__icon--default\" aria-hidden=\"true\"><\/span>\n\n\t\t\t\t\t\t<a class=\"konte-accordion__title-text\" href=\"#konte-tab-content-1594\">\u00c7antalar\u0131n boyutlar\u0131n\u0131 de\u011fi\u015ftirebilir miyiz ?<\/a>\n\t\t\t\t\t<\/div>\n\t\t\t\t\t<div id=\"konte-tab-content-1594\" class=\"konte-accordion__content clearfix\" data-tab=\"4\" role=\"tabpanel\" aria-labelledby=\"konte-tab-title-1594\"><p>Evet. \u00c7anta boyutlar\u0131n\u0131 sizin istedi\u011finiz boyutlarda yapabilmekteyiz.<\/p><\/div>\n\t\t\t\t<\/div>\n\t\t\t\t\t\t\t<div class=\"konte-accordion__item\">\n\t\t\t\t\t<div id=\"konte-tab-title-1595\" class=\"konte-accordion__title\" data-tab=\"5\" role=\"tab\" aria-controls=\"konte-tab-content-1595\">\n\t\t\t\t\t\t<span class=\"konte-accordion__icon konte-accordion__icon--default\" aria-hidden=\"true\"><\/span>\n\n\t\t\t\t\t\t<a class=\"konte-accordion__title-text\" href=\"#konte-tab-content-1595\">\u00c7anta \u00fczerine istedi\u011fimiz tasar\u0131mlar\u0131 basabiliyor muyuz?<\/a>\n\t\t\t\t\t<\/div>\n\t\t\t\t\t<div id=\"konte-tab-content-1595\" class=\"konte-accordion__content clearfix\" data-tab=\"5\" role=\"tabpanel\" aria-labelledby=\"konte-tab-title-1595\"><p>Evet. \u0130stedi\u011finiz tasar\u0131m\u0131 bize iletmeniz do\u011frultusunda \u00e7anta \u00fczerine o tasar\u0131m\u0131 basabiliriz. Ayr\u0131ca Yorum Ambalaj olarak tasar\u0131m \u00e7al\u0131\u015fmalar\u0131 da yapmaktay\u0131z. \u0130ste\u011finiz \u00fczerine size \u00f6zel tasar\u0131m \u00e7al\u0131\u015fmas\u0131 yap\u0131labilir.\u00a0<\/p><\/div>\n\t\t\t\t<\/div>\n\t\t\t\t\t<\/div>\n\t\t\t\t<\/div>\n\t\t\t\t<\/div>\n\t\t\t\t\t<\/div>\n\t\t<\/div>\n\t\t\t\t\t<\/div>\n\t\t<\/section>\n\t\t\t\t<section class=\"elementor-section elementor-top-section elementor-element elementor-element-c40373f elementor-section-boxed elementor-section-height-default elementor-section-height-default\" data-id=\"c40373f\" data-element_type=\"section\">\n\t\t\t\t\t\t<div class=\"elementor-container elementor-column-gap-no\">\n\t\t\t\t\t<div class=\"elementor-column elementor-col-50 elementor-top-column elementor-element elementor-element-218a953\" data-id=\"218a953\" data-element_type=\"column\">\n\t\t\t<div class=\"elementor-widget-wrap elementor-element-populated\">\n\t\t\t\t\t\t<div class=\"elementor-element elementor-element-b31d2aa elementor-widget elementor-widget-konte-separator-dash\" data-id=\"b31d2aa\" data-element_type=\"widget\" data-widget_type=\"konte-separator-dash.default\">\n\t\t\t\t<div class=\"elementor-widget-container\">\n\t\t\t\t\t<span class=\"konte-dash konte-dash--elementor\">\n\t\t\t<span class=\"konte-dash__line\"><\/span>\n\t\t\t\t\t<\/span>\n\t\t\t\t<\/div>\n\t\t\t\t<\/div>\n\t\t\t\t\t<\/div>\n\t\t<\/div>\n\t\t\t\t<div class=\"elementor-column elementor-col-50 elementor-top-column elementor-element elementor-element-86ed6e2\" data-id=\"86ed6e2\" data-element_type=\"column\">\n\t\t\t<div class=\"elementor-widget-wrap elementor-element-populated\">\n\t\t\t\t\t\t<div class=\"elementor-element elementor-element-4fbac2f elementor-widget elementor-widget-konte-heading\" data-id=\"4fbac2f\" data-element_type=\"widget\" data-widget_type=\"konte-heading.default\">\n\t\t\t\t<div class=\"elementor-widget-container\">\n\t\t\t<h2 class=\"konte-heading-title konte-heading-title--default\">Al\u0131\u015fveri\u015f ve \u00d6deme<\/h2>\t\t<\/div>\n\t\t\t\t<\/div>\n\t\t\t\t<div class=\"elementor-element elementor-element-610c8d5 elementor-widget elementor-widget-konte-accordion\" data-id=\"610c8d5\" data-element_type=\"widget\" data-widget_type=\"konte-accordion.default\">\n\t\t\t\t<div class=\"elementor-widget-container\">\n\t\t\t\t\t<div class=\"konte-accordion\" role=\"tablist\">\n\t\t\t\t\t\t\t<div class=\"konte-accordion__item\">\n\t\t\t\t\t<div id=\"konte-tab-title-1011\" class=\"konte-accordion__title\" data-tab=\"1\" role=\"tab\" aria-controls=\"konte-tab-content-1011\">\n\t\t\t\t\t\t<span class=\"konte-accordion__icon konte-accordion__icon--default\" aria-hidden=\"true\"><\/span>\n\n\t\t\t\t\t\t<a class=\"konte-accordion__title-text\" href=\"#konte-tab-content-1011\">Nas\u0131l \u00fcr\u00fcn sipari\u015fi verebilirim ?<\/a>\n\t\t\t\t\t<\/div>\n\t\t\t\t\t<div id=\"konte-tab-content-1011\" class=\"konte-accordion__content clearfix\" data-tab=\"1\" role=\"tabpanel\" aria-labelledby=\"konte-tab-title-1011\"><p>\u00dcr\u00fcn sipari\u015fi vermek i\u00e7in bizimle ileti\u015fime ge\u00e7ebilir ve istedi\u011finiz \u00fcr\u00fcn\u00fcn \u00f6zelliklerini bize iletebilirsiniz.<\/p><\/div>\n\t\t\t\t<\/div>\n\t\t\t\t\t\t\t<div class=\"konte-accordion__item\">\n\t\t\t\t\t<div id=\"konte-tab-title-1012\" class=\"konte-accordion__title\" data-tab=\"2\" role=\"tab\" aria-controls=\"konte-tab-content-1012\">\n\t\t\t\t\t\t<span class=\"konte-accordion__icon konte-accordion__icon--default\" aria-hidden=\"true\"><\/span>\n\n\t\t\t\t\t\t<a class=\"konte-accordion__title-text\" href=\"#konte-tab-content-1012\">\u00d6deme nas\u0131l yap\u0131lacak ?<\/a>\n\t\t\t\t\t<\/div>\n\t\t\t\t\t<div id=\"konte-tab-content-1012\" class=\"konte-accordion__content clearfix\" data-tab=\"2\" role=\"tabpanel\" aria-labelledby=\"konte-tab-title-1012\"><p>Yorum Ambalaj olarak m\u00fc\u015fterilerimiz ile kar\u015f\u0131l\u0131kl\u0131 g\u00fcveni en iyi \u015fekilde sa\u011flamak i\u00e7in sipari\u015f onaylanmadan \u00f6nce iki taraf aras\u0131nda sat\u0131\u015f s\u00f6zle\u015fmesi imzalanmaktad\u0131r. Detaylar i\u00e7in bizimle ileti\u015fime ge\u00e7ebilirsiniz.<\/p><\/div>\n\t\t\t\t<\/div>\n\t\t\t\t\t<\/div>\n\t\t\t\t<\/div>\n\t\t\t\t<\/div>\n\t\t\t\t\t<\/div>\n\t\t<\/div>\n\t\t\t\t\t<\/div>\n\t\t<\/section>\n\t\t\t\t<section class=\"elementor-section elementor-top-section elementor-element elementor-element-3abdcde elementor-section-boxed elementor-section-height-default elementor-section-height-default\" data-id=\"3abdcde\" data-element_type=\"section\">\n\t\t\t\t\t\t<div class=\"elementor-container elementor-column-gap-no\">\n\t\t\t\t\t<div class=\"elementor-column elementor-col-50 elementor-top-column elementor-element elementor-element-d95a369\" data-id=\"d95a369\" data-element_type=\"column\">\n\t\t\t<div class=\"elementor-widget-wrap elementor-element-populated\">\n\t\t\t\t\t\t<div class=\"elementor-element elementor-element-6decf71 elementor-widget elementor-widget-konte-separator-dash\" data-id=\"6decf71\" data-element_type=\"widget\" data-widget_type=\"konte-separator-dash.default\">\n\t\t\t\t<div class=\"elementor-widget-container\">\n\t\t\t\t\t<span class=\"konte-dash konte-dash--elementor\">\n\t\t\t<span class=\"konte-dash__line\"><\/span>\n\t\t\t\t\t<\/span>\n\t\t\t\t<\/div>\n\t\t\t\t<\/div>\n\t\t\t\t\t<\/div>\n\t\t<\/div>\n\t\t\t\t<div class=\"elementor-column elementor-col-50 elementor-top-column elementor-element elementor-element-1f2a115\" data-id=\"1f2a115\" data-element_type=\"column\">\n\t\t\t<div class=\"elementor-widget-wrap elementor-element-populated\">\n\t\t\t\t\t\t<div class=\"elementor-element elementor-element-9c5721d elementor-widget elementor-widget-konte-heading\" data-id=\"9c5721d\" data-element_type=\"widget\" data-widget_type=\"konte-heading.default\">\n\t\t\t\t<div class=\"elementor-widget-container\">\n\t\t\t<h2 class=\"konte-heading-title konte-heading-title--default\">\u00dcr\u00fcn Teslimi<\/h2>\t\t<\/div>\n\t\t\t\t<\/div>\n\t\t\t\t<div class=\"elementor-element elementor-element-5139a5a elementor-widget elementor-widget-konte-accordion\" data-id=\"5139a5a\" data-element_type=\"widget\" data-widget_type=\"konte-accordion.default\">\n\t\t\t\t<div class=\"elementor-widget-container\">\n\t\t\t\t\t<div class=\"konte-accordion\" role=\"tablist\">\n\t\t\t\t\t\t\t<div class=\"konte-accordion__item\">\n\t\t\t\t\t<div id=\"konte-tab-title-8511\" class=\"konte-accordion__title\" data-tab=\"1\" role=\"tab\" aria-controls=\"konte-tab-content-8511\">\n\t\t\t\t\t\t<span class=\"konte-accordion__icon konte-accordion__icon--default\" aria-hidden=\"true\"><\/span>\n\n\t\t\t\t\t\t<a class=\"konte-accordion__title-text\" href=\"#konte-tab-content-8511\">\u00dcr\u00fcn teslimi nas\u0131l yap\u0131lmaktad\u0131r ?<\/a>\n\t\t\t\t\t<\/div>\n\t\t\t\t\t<div id=\"konte-tab-content-8511\" class=\"konte-accordion__content clearfix\" data-tab=\"1\" role=\"tabpanel\" aria-labelledby=\"konte-tab-title-8511\"><p>\u00dcr\u00fcnler \u0130stanbul i\u00e7erisindeki herhangi bir yere taraf\u0131m\u0131zca teslim edilmektedir. \u0130stanbul d\u0131\u015f\u0131nda T\u00fcrkiye&#8217;nin her yerine \u00fccretsiz olarak kargolanmaktad\u0131r. E\u011fer isterseniz \u00fcr\u00fcnleri kendiniz de \u0130stanbul&#8217;daki \u00fcretim yerimizden gelip alabilirsiniz.\u00a0<\/p><\/div>\n\t\t\t\t<\/div>\n\t\t\t\t\t\t\t<div class=\"konte-accordion__item\">\n\t\t\t\t\t<div id=\"konte-tab-title-8512\" class=\"konte-accordion__title\" data-tab=\"2\" role=\"tab\" aria-controls=\"konte-tab-content-8512\">\n\t\t\t\t\t\t<span class=\"konte-accordion__icon konte-accordion__icon--default\" aria-hidden=\"true\"><\/span>\n\n\t\t\t\t\t\t<a class=\"konte-accordion__title-text\" href=\"#konte-tab-content-8512\">Yurt d\u0131\u015f\u0131na \u00fcr\u00fcn g\u00f6nderiyor musunuz ?<\/a>\n\t\t\t\t\t<\/div>\n\t\t\t\t\t<div id=\"konte-tab-content-8512\" class=\"konte-accordion__content clearfix\" data-tab=\"2\" role=\"tabpanel\" aria-labelledby=\"konte-tab-title-8512\"><p>Evet. Yurt d\u0131\u015f\u0131na da \u00fcr\u00fcn g\u00f6ndermekteyiz.<\/p><\/div>\n\t\t\t\t<\/div>\n\t\t\t\t\t<\/div>\n\t\t\t\t<\/div>\n\t\t\t\t<\/div>\n\t\t\t\t\t<\/div>\n\t\t<\/div>\n\t\t\t\t\t<\/div>\n\t\t<\/section>\n\t\t\t\t<\/div>\n\t\t","protected":false},"excerpt":{"rendered":"<p>Genel Sizinle ileti\u015fime nas\u0131l ge\u00e7ebilirim ? Bizimle ileti\u015fime ge\u00e7mek i\u00e7in ileti\u015fim sayfas\u0131ndaki ileti\u015fim formunu doldurup bize g\u00f6nderebilirsiniz. Ayr\u0131ca 0212 565 55 99 veya 0539 216 82 17 numaralar\u0131ndan bize ula\u015fabilir&hellip;<\/p>\n","protected":false},"author":1,"featured_media":4712,"parent":0,"menu_order":0,"comment_status":"closed","ping_status":"closed","template":"","meta":{"footnotes":""},"yoast_head":"<!-- This site is optimized with the Yoast SEO plugin v23.0 - https:\/\/yoast.com\/wordpress\/plugins\/seo\/ -->\n<title>S\u0131k\u00e7a Sorulan Sorular - Yorum Ambalaj<\/title>\n<meta name=\"robots\" content=\"index, follow, max-snippet:-1, max-image-preview:large, max-video-preview:-1\" \/>\n<link rel=\"canonical\" href=\"https:\/\/yorumambalaj.com\/index.php\/sikca-sorulan-sorular\/\" \/>\n<meta property=\"og:locale\" content=\"tr_TR\" \/>\n<meta property=\"og:type\" content=\"article\" \/>\n<meta property=\"og:title\" content=\"S\u0131k\u00e7a Sorulan Sorular - Yorum Ambalaj\" \/>\n<meta property=\"og:description\" content=\"Genel Sizinle ileti\u015fime nas\u0131l ge\u00e7ebilirim ? Bizimle ileti\u015fime ge\u00e7mek i\u00e7in ileti\u015fim sayfas\u0131ndaki ileti\u015fim formunu doldurup bize g\u00f6nderebilirsiniz. Ayr\u0131ca 0212 565 55 99 veya 0539 216 82 17 numaralar\u0131ndan bize ula\u015fabilir&hellip;\" \/>\n<meta property=\"og:url\" content=\"https:\/\/yorumambalaj.com\/index.php\/sikca-sorulan-sorular\/\" \/>\n<meta property=\"og:site_name\" content=\"Yorum Ambalaj\" \/>\n<meta property=\"article:modified_time\" content=\"2022-11-18T13:11:52+00:00\" \/>\n<meta property=\"og:image\" content=\"https:\/\/yorumambalaj.com\/wp-content\/uploads\/2022\/11\/sikca-sorulan-sorular-scaled.webp\" \/>\n\t<meta property=\"og:image:width\" content=\"2560\" \/>\n\t<meta property=\"og:image:height\" content=\"1709\" \/>\n\t<meta property=\"og:image:type\" content=\"image\/webp\" \/>\n<meta name=\"twitter:card\" content=\"summary_large_image\" \/>\n<meta name=\"twitter:label1\" content=\"Tahmini okuma s\u00fcresi\" \/>\n\t<meta name=\"twitter:data1\" content=\"2 dakika\" \/>\n<script type=\"application\/ld+json\" class=\"yoast-schema-graph\">{\"@context\":\"https:\/\/schema.org\",\"@graph\":[{\"@type\":\"WebPage\",\"@id\":\"https:\/\/yorumambalaj.com\/index.php\/sikca-sorulan-sorular\/\",\"url\":\"https:\/\/yorumambalaj.com\/index.php\/sikca-sorulan-sorular\/\",\"name\":\"S\u0131k\u00e7a Sorulan Sorular - Yorum Ambalaj\",\"isPartOf\":{\"@id\":\"https:\/\/yorumambalaj.com\/#website\"},\"primaryImageOfPage\":{\"@id\":\"https:\/\/yorumambalaj.com\/index.php\/sikca-sorulan-sorular\/#primaryimage\"},\"image\":{\"@id\":\"https:\/\/yorumambalaj.com\/index.php\/sikca-sorulan-sorular\/#primaryimage\"},\"thumbnailUrl\":\"https:\/\/yorumambalaj.com\/wp-content\/uploads\/2022\/11\/sikca-sorulan-sorular-scaled.webp\",\"datePublished\":\"2022-11-18T13:11:49+00:00\",\"dateModified\":\"2022-11-18T13:11:52+00:00\",\"breadcrumb\":{\"@id\":\"https:\/\/yorumambalaj.com\/index.php\/sikca-sorulan-sorular\/#breadcrumb\"},\"inLanguage\":\"tr\",\"potentialAction\":[{\"@type\":\"ReadAction\",\"target\":[\"https:\/\/yorumambalaj.com\/index.php\/sikca-sorulan-sorular\/\"]}]},{\"@type\":\"ImageObject\",\"inLanguage\":\"tr\",\"@id\":\"https:\/\/yorumambalaj.com\/index.php\/sikca-sorulan-sorular\/#primaryimage\",\"url\":\"https:\/\/yorumambalaj.com\/wp-content\/uploads\/2022\/11\/sikca-sorulan-sorular-scaled.webp\",\"contentUrl\":\"https:\/\/yorumambalaj.com\/wp-content\/uploads\/2022\/11\/sikca-sorulan-sorular-scaled.webp\",\"width\":2560,\"height\":1709,\"caption\":\"sikca-sorulan-sorular S\u0131k\u00e7a Sorulan Sorular - Yorum Ambalaj\"},{\"@type\":\"BreadcrumbList\",\"@id\":\"https:\/\/yorumambalaj.com\/index.php\/sikca-sorulan-sorular\/#breadcrumb\",\"itemListElement\":[{\"@type\":\"ListItem\",\"position\":1,\"name\":\"Anasayfa\",\"item\":\"https:\/\/yorumambalaj.com\/\"},{\"@type\":\"ListItem\",\"position\":2,\"name\":\"S\u0131k\u00e7a Sorulan Sorular\"}]},{\"@type\":\"WebSite\",\"@id\":\"https:\/\/yorumambalaj.com\/#website\",\"url\":\"https:\/\/yorumambalaj.com\/\",\"name\":\"Yorum Ambalaj\",\"description\":\"\",\"publisher\":{\"@id\":\"https:\/\/yorumambalaj.com\/#organization\"},\"potentialAction\":[{\"@type\":\"SearchAction\",\"target\":{\"@type\":\"EntryPoint\",\"urlTemplate\":\"https:\/\/yorumambalaj.com\/?s={search_term_string}\"},\"query-input\":\"required name=search_term_string\"}],\"inLanguage\":\"tr\"},{\"@type\":\"Organization\",\"@id\":\"https:\/\/yorumambalaj.com\/#organization\",\"name\":\"Yorum Ambalaj\",\"url\":\"https:\/\/yorumambalaj.com\/\",\"logo\":{\"@type\":\"ImageObject\",\"inLanguage\":\"tr\",\"@id\":\"https:\/\/yorumambalaj.com\/#\/schema\/logo\/image\/\",\"url\":\"https:\/\/yorumambalaj.com\/wp-content\/uploads\/2022\/12\/logo-1001.png\",\"contentUrl\":\"https:\/\/yorumambalaj.com\/wp-content\/uploads\/2022\/12\/logo-1001.png\",\"width\":1442,\"height\":710,\"caption\":\"Yorum Ambalaj\"},\"image\":{\"@id\":\"https:\/\/yorumambalaj.com\/#\/schema\/logo\/image\/\"}}]}<\/script>\n<!-- \/ Yoast SEO plugin. -->","yoast_head_json":{"title":"S\u0131k\u00e7a Sorulan Sorular - Yorum Ambalaj","robots":{"index":"index","follow":"follow","max-snippet":"max-snippet:-1","max-image-preview":"max-image-preview:large","max-video-preview":"max-video-preview:-1"},"canonical":"https:\/\/yorumambalaj.com\/index.php\/sikca-sorulan-sorular\/","og_locale":"tr_TR","og_type":"article","og_title":"S\u0131k\u00e7a Sorulan Sorular - Yorum Ambalaj","og_description":"Genel Sizinle ileti\u015fime nas\u0131l ge\u00e7ebilirim ? Bizimle ileti\u015fime ge\u00e7mek i\u00e7in ileti\u015fim sayfas\u0131ndaki ileti\u015fim formunu doldurup bize g\u00f6nderebilirsiniz. Ayr\u0131ca 0212 565 55 99 veya 0539 216 82 17 numaralar\u0131ndan bize ula\u015fabilir&hellip;","og_url":"https:\/\/yorumambalaj.com\/index.php\/sikca-sorulan-sorular\/","og_site_name":"Yorum Ambalaj","article_modified_time":"2022-11-18T13:11:52+00:00","og_image":[{"width":2560,"height":1709,"url":"https:\/\/yorumambalaj.com\/wp-content\/uploads\/2022\/11\/sikca-sorulan-sorular-scaled.webp","type":"image\/webp"}],"twitter_card":"summary_large_image","twitter_misc":{"Tahmini okuma s\u00fcresi":"2 dakika"},"schema":{"@context":"https:\/\/schema.org","@graph":[{"@type":"WebPage","@id":"https:\/\/yorumambalaj.com\/index.php\/sikca-sorulan-sorular\/","url":"https:\/\/yorumambalaj.com\/index.php\/sikca-sorulan-sorular\/","name":"S\u0131k\u00e7a Sorulan Sorular - Yorum Ambalaj","isPartOf":{"@id":"https:\/\/yorumambalaj.com\/#website"},"primaryImageOfPage":{"@id":"https:\/\/yorumambalaj.com\/index.php\/sikca-sorulan-sorular\/#primaryimage"},"image":{"@id":"https:\/\/yorumambalaj.com\/index.php\/sikca-sorulan-sorular\/#primaryimage"},"thumbnailUrl":"https:\/\/yorumambalaj.com\/wp-content\/uploads\/2022\/11\/sikca-sorulan-sorular-scaled.webp","datePublished":"2022-11-18T13:11:49+00:00","dateModified":"2022-11-18T13:11:52+00:00","breadcrumb":{"@id":"https:\/\/yorumambalaj.com\/index.php\/sikca-sorulan-sorular\/#breadcrumb"},"inLanguage":"tr","potentialAction":[{"@type":"ReadAction","target":["https:\/\/yorumambalaj.com\/index.php\/sikca-sorulan-sorular\/"]}]},{"@type":"ImageObject","inLanguage":"tr","@id":"https:\/\/yorumambalaj.com\/index.php\/sikca-sorulan-sorular\/#primaryimage","url":"https:\/\/yorumambalaj.com\/wp-content\/uploads\/2022\/11\/sikca-sorulan-sorular-scaled.webp","contentUrl":"https:\/\/yorumambalaj.com\/wp-content\/uploads\/2022\/11\/sikca-sorulan-sorular-scaled.webp","width":2560,"height":1709,"caption":"sikca-sorulan-sorular S\u0131k\u00e7a Sorulan Sorular - Yorum Ambalaj"},{"@type":"BreadcrumbList","@id":"https:\/\/yorumambalaj.com\/index.php\/sikca-sorulan-sorular\/#breadcrumb","itemListElement":[{"@type":"ListItem","position":1,"name":"Anasayfa","item":"https:\/\/yorumambalaj.com\/"},{"@type":"ListItem","position":2,"name":"S\u0131k\u00e7a Sorulan Sorular"}]},{"@type":"WebSite","@id":"https:\/\/yorumambalaj.com\/#website","url":"https:\/\/yorumambalaj.com\/","name":"Yorum Ambalaj","description":"","publisher":{"@id":"https:\/\/yorumambalaj.com\/#organization"},"potentialAction":[{"@type":"SearchAction","target":{"@type":"EntryPoint","urlTemplate":"https:\/\/yorumambalaj.com\/?s={search_term_string}"},"query-input":"required name=search_term_string"}],"inLanguage":"tr"},{"@type":"Organization","@id":"https:\/\/yorumambalaj.com\/#organization","name":"Yorum Ambalaj","url":"https:\/\/yorumambalaj.com\/","logo":{"@type":"ImageObject","inLanguage":"tr","@id":"https:\/\/yorumambalaj.com\/#\/schema\/logo\/image\/","url":"https:\/\/yorumambalaj.com\/wp-content\/uploads\/2022\/12\/logo-1001.png","contentUrl":"https:\/\/yorumambalaj.com\/wp-content\/uploads\/2022\/12\/logo-1001.png","width":1442,"height":710,"caption":"Yorum Ambalaj"},"image":{"@id":"https:\/\/yorumambalaj.com\/#\/schema\/logo\/image\/"}}]}},"_links":{"self":[{"href":"https:\/\/yorumambalaj.com\/index.php\/wp-json\/wp\/v2\/pages\/215"}],"collection":[{"href":"https:\/\/yorumambalaj.com\/index.php\/wp-json\/wp\/v2\/pages"}],"about":[{"href":"https:\/\/yorumambalaj.com\/index.php\/wp-json\/wp\/v2\/types\/page"}],"author":[{"embeddable":true,"href":"https:\/\/yorumambalaj.com\/index.php\/wp-json\/wp\/v2\/users\/1"}],"replies":[{"embeddable":true,"href":"https:\/\/yorumambalaj.com\/index.php\/wp-json\/wp\/v2\/comments?post=215"}],"version-history":[{"count":0,"href":"https:\/\/yorumambalaj.com\/index.php\/wp-json\/wp\/v2\/pages\/215\/revisions"}],"wp:featuredmedia":[{"embeddable":true,"href":"https:\/\/yorumambalaj.com\/index.php\/wp-json\/wp\/v2\/media\/4712"}],"wp:attachment":[{"href":"https:\/\/yorumambalaj.com\/index.php\/wp-json\/wp\/v2\/media?parent=215"}],"curies":[{"name":"wp","href":"https:\/\/api.w.org\/{rel}","templated":true}]}}